{"id":115,"date":"2015-07-18T09:24:26","date_gmt":"2015-07-18T06:24:26","guid":{"rendered":"http:\/\/minmon.lt\/?page_id=115"},"modified":"2025-09-04T07:56:06","modified_gmt":"2025-09-04T04:56:06","slug":"apie-imone","status":"publish","type":"page","link":"https:\/\/imone.jupoja.lt\/en\/apie-imone\/","title":{"rendered":"About the company"},"content":{"rendered":"<p>[vc_row][vc_column][vc_column_text]__[\/vc_column_text][\/vc_column][\/vc_row][vc_row layout=&#8221;boxed&#8221; parallax_style=&#8221;none&#8221; parallax_scroll_effect=&#8221;fixed&#8221; el_class=&#8221;margin-bottom-100&#8243;][vc_column width=&#8221;1\/2&#8243;][vc_row_inner parallax_style=&#8221;none&#8221; video_link=&#8221;&#8221; parallax_scroll_effect=&#8221;fixed&#8221;][vc_column_inner width=&#8221;1\/2&#8243;][vc_single_image image=&#8221;574&#8243; img_size=&#8221;full&#8221; alignment=&#8221;center&#8221; el_class=&#8221;darna-single-image-style xs-margin-bottom-15&#8243;][\/vc_column_inner][vc_column_inner width=&#8221;1\/2&#8243;][vc_single_image image=&#8221;575&#8243; img_size=&#8221;full&#8221; alignment=&#8221;center&#8221; el_class=&#8221;darna-single-image-style&#8221; css=&#8221;.vc_custom_1437821561191{margin-bottom: 18px !important;}&#8221;][vc_single_image image=&#8221;576&#8243; img_size=&#8221;full&#8221; alignment=&#8221;center&#8221; el_class=&#8221;darna-single-image-style xs-margin-bottom-15&#8243;][\/vc_column_inner][\/vc_row_inner][\/vc_column][vc_column width=&#8221;1\/2&#8243;]\t\t\t<div\n\t\t\t\tclass=\"darna-icon-box style3 \" >\n\t\t\t\t<a class=\"ibox-icon\" title=\"\"\n\t\t\t\t   target=\"_self\" href=\"#\">\n\t\t\t\t\t\t\t\t\t\t\t<i class=\"fa fa-suitcase\"><\/i>\n\t\t\t\t\t\t\t\t\t<\/a>\n\t\t\t\t\t\t\t\t\t<h3><a title=\"\" target=\"_self\"\n\t\t\t\t\t       href=\"#\">Apie \u012fmon\u0119<\/a><\/h3>\n\t\t\t\t\t\t\t\t\t<p>UAB \u201eJupojos statybini\u0173 med\u017eiagos\u201c istorija prasid\u0117jo 1998 m. Tuo metu \u012fmon\u0117s pavadinimas buvo \u201e\u0160iauli\u0173 \u017eem\u0117s \u016bkio technikos statybin\u0117s med\u017eiagos\u201c. \u012emon\u0117, skai\u010diuodama 20-uosius s\u0117kmingo darbo metus, veikl\u0105 t\u0119sia toje vietoje, kur dar 1922 m. darytoje nuotraukoje matosi buvusi\u0173 \u201eLiet\u016bkio\u201c didmenini\u0173 sand\u0117li\u0173 vaizdas. Po karo \u201eLiet\u016bkis\u201c buvo reorganizuotas \u012f \u017demtiekimo baz\u0119, o 1961 m. \u010dia \u012fsik\u016br\u0117 Lietuvos \u017eem\u0117s \u016bkio technikos \u0160iauli\u0173 tarprajonin\u0117 baz\u0117.<br \/>\n\u2022 2004 metais \u012fmon\u0117 pakeit\u0117 pavadinim\u0105 ir iki \u0161iol yra \u201eJupojos statybin\u0117s med\u017eiagos\u201c, kurios prekybinis plotas yra vir\u0161 10 000 kvadratini\u0173 metr\u0173.<br \/>\n\u2022 2009 metais atidaryti filialai - Pakruojyje, Vilniaus g. 18, (vir\u0161 650 kvadratini\u0173 metr\u0173 prekybinio loto) ir Joni\u0161kyje, Turgaus g. 10 (vir\u0161 1500 kvadratini\u0173 metr\u0173 prekybinio ploto).<br \/>\n\u2022 2010 metais atidarytas filialas Kur\u0161\u0117nuose, Ventos g. 154b (vir\u0161 1300 kvadratini\u0173 metr\u0173 prekybinio ploto).<br \/>\n\u2022 2011 metais atidarytas filialas Kelm\u0117je, Raseini\u0173 g. 17 (vir\u0161 1400 kvadratini\u0173 metr\u0173 prekybinio ploto).<br \/>\n\u2022 2016 metais atidarytas filialas Naujojoje Akmen\u0117je, V. Kudirkos g. 26 ( vir\u0161 1500 kvadratini\u0173 metr\u0173 prekybinio ploto).<br \/>\n\u2022 2006 metais sukurta kooperacin\u0117 pirkimo bendrov\u0117 \u201eJungtinis tiekimas\u201c. \u012emon\u0117s steig\u0117jas \u2013 8 Lietuvoje veikian\u010dios bendrov\u0117s, prekiaujan\u010dios statybin\u0117mis med\u017eiagomis.<br \/>\n\u2022 2009 metais UAB \u201eJungtinis tiekimas\u201c tapo Europos organizacijos EUROMAT, vienijan\u010dios Europos \u012fmones, akcininke. \u0160iuo metu \u201eJungtin\u012f tiekim\u0105\u201c vienija 15 bendrovi\u0173, turin\u010di\u0173 45 parduotuv\u0119 25 \u0161alies miestuose.<br \/>\n\u2022 Nuo 2013 m. UAB \u201eJupojos statybin\u0117s med\u017eiagos\u201c s\u0117kmingai vykdo prekyb\u0105 internetu www.jsm.lt.<br \/>\n\u2022 2019 metais \u012fkuriama \u012fmon\u0117 Norvegijoje, atidaromas \u201eJupojos statybini\u0173 med\u017eiag\u0173\u201c ir BYGGIMPORT \u017eenklo 600 kvadratini\u0173 metr\u0173 ploto sand\u0117lis netoli Oslo.<br \/>\nUAB \u201eJupojos statybin\u0117s med\u017eiagos\u201c vidutini\u0161kai dirba apie 160 darbuotoj\u0173, savo klientams galime pasi\u016blyti daugiau kaip 45 000 preki\u0173 asortiment\u0105.<\/p>\n\t\t\t\t\t\t\t<\/div>\n\t\t\t[vc_row_inner parallax_style=&#8221;none&#8221; parallax_scroll_effect=&#8221;fixed&#8221; el_class=&#8221;darna-list-style&#8221; css=&#8221;.vc_custom_1437821641282{margin-top: 9px !important;margin-bottom: 38px !important;}&#8221;][vc_column_inner width=&#8221;1\/2&#8243;][vc_column_text][\/vc_column_text][\/vc_column_inner][vc_column_inner width=&#8221;1\/2&#8243;][vc_column_text][\/vc_column_text][\/vc_column_inner][\/vc_row_inner]\t\t\t\t\t\t<a class=\"darna-button size-sm style1 icon-left  margin-right-7 xs-margin-bottom-15\"\n\t\t\t   href=\"\/partneryste-bendradarbiavimas\/\"\n\t\t\t   title=\"TAPKITE PARTNERIU\"\n\t\t\t   target=\"_self\"\n\t\t\t\t>\n\t\t\t\tTAPKITE PARTNERIU\t\t\t<\/a>\n\t\t\t\t\t\t\t\t\t\t\t<a class=\"darna-button size-sm style4 icon-left  xs-margin-bottom-15\"\n\t\t\t   href=\"\/stipriausi-lietuvoje\/\"\n\t\t\t   title=\"\u012eMON\u0116S APDOVANOJIMAI\"\n\t\t\t   target=\"_self\"\n\t\t\t\t>\n\t\t\t\t\u012eMON\u0116S APDOVANOJIMAI\t\t\t<\/a>\n\t\t\t\t\t[\/vc_column][\/vc_row][vc_row parallax_style=&#8221;none&#8221; parallax_scroll_effect=&#8221;fixed&#8221; css=&#8221;.vc_custom_1514374866084{background-image: url(http:\/\/jupoja.lt\/wp-content\/uploads\/2015\/07\/bg.jpg?id=624) !important;background-position: 0 0 !important;background-repeat: repeat !important;}&#8221; el_class=&#8221;margin-bottom-100&#8243;][vc_column css=&#8221;.vc_custom_1514375036303{margin-left: 115px !important;}&#8221;][vc_row_inner layout=&#8221;container-fluid&#8221; parallax_style=&#8221;none&#8221; parallax_scroll_effect=&#8221;fixed&#8221;][vc_column_inner width=&#8221;1\/3&#8243;]\t\t\t<div class=\"darna-counter \">\n\t\t\t\t\t\t\t\t\t<span class=\"display-percentage\" style=\"color: \"\n\t\t\t\t\t\t  data-percentage=\"1500\">1500<\/span>\n\t\t\t\t\t\t\t\t\t\t\t<p class=\"counter-title\" style=\"color: \">PARTNERI\u0172 SKAI\u010cIUS<\/p>\n\t\t\t\t\t\t\t\t<\/div>\n\t\t\t[\/vc_column_inner][vc_column_inner el_class=&#8221;col-md-3 col-sm-6 col-xs-12&#8243; width=&#8221;1\/3&#8243;]\t\t\t<div class=\"darna-counter \">\n\t\t\t\t\t\t\t\t\t<span class=\"display-percentage\" style=\"color: \"\n\t\t\t\t\t\t  data-percentage=\"15000000\">15000000<\/span>\n\t\t\t\t\t\t\t\t\t\t\t<p class=\"counter-title\" style=\"color: \">METIN\u0116 APYVARTA<\/p>\n\t\t\t\t\t\t\t\t<\/div>\n\t\t\t[\/vc_column_inner][vc_column_inner el_class=&#8221;col-md-3 col-sm-6 col-xs-12&#8243; width=&#8221;1\/3&#8243;]\t\t\t<div class=\"darna-counter \">\n\t\t\t\t\t\t\t\t\t<span class=\"display-percentage\" style=\"color: \"\n\t\t\t\t\t\t  data-percentage=\"158\">158<\/span>\n\t\t\t\t\t\t\t\t\t\t\t<p class=\"counter-title\" style=\"color: \">DARBO VIETOS<\/p>\n\t\t\t\t\t\t\t\t<\/div>\n\t\t\t[\/vc_column_inner][\/vc_row_inner][\/vc_column][\/vc_row][vc_row layout=&#8221;boxed&#8221; parallax_style=&#8221;none&#8221; parallax_scroll_effect=&#8221;fixed&#8221; el_class=&#8221;margin-bottom-100&#8243;][vc_column]\t\t\t<div\n\t\t\t\tclass=\"darna-heading style1 margin-bottom-40\" >\n\t\t\t\t\t\t\t\t\t<h2>M\u016aS\u0172 KOMANDA<\/h2>\n\t\t\t\t\t\t\t\t\t\t\t<\/div>\n\t\t\t[vc_empty_space height=&#8221;60px&#8221;]\t\t\t\t<div\n\t\t\t\t\tclass=\"darna-ourteam style1  wpb_animate_when_almost_visible g5plus-css-animation wpb_pulse\" >\n\t\t\t\t\t\t\t\t\t\t\t<div class=\"darna-ourteam-slider\">\n\t\t\t\t\t\t\t<div\n\t\t\t\t\t\t\t\tdata-plugin-options='{\"items\" : 6,\"pagination\":false,\"navigation\":true, \"autoPlay\": true }'\n\t\t\t\t\t\t\t\tclass=\"owl-carousel\">\n\t\t\t\t\t\t\t\t\t\t\t\t\t\t\t\t\t<div class=\"ourteam-item\">\n\t\t\t\t\t\t\t\t\t\t<div class=\"ourteam-avatar\">\n\t\t\t\t\t\t\t\t\t\t\t<img src=\"\"\n\t\t\t\t\t\t\t\t\t\t\t\t alt=\"Aurelijus Venckus\"\/>\n\t\t\t\t\t\t\t\t\t\t\t<ul class=\"ourteam-social\">\n\t\t\t\t\t\t\t\t\t\t\t\t\t\t\t\t\t\t\t\t\t\t\t<\/ul>\n\t\t\t\t\t\t\t\t\t\t<\/div>\n\t\t\t\t\t\t\t\t\t\t<div class=\"ourteam-info\">\n\t\t\t\t\t\t\t\t\t\t\t\t\t\t\t\t\t\t\t\t\t\t\t<p>Aurelijus Venckus<\/p>\n\t\t\t\t\t\t\t\t\t\t\t\t\t\t\t\t\t\t\t\t\t\t<span>DIREKTORIUS<\/span>\n\t\t\t\t\t\t\t\t\t\t<\/div>\n\t\t\t\t\t\t\t\t\t<\/div>\n\t\t\t\t\t\t\t\t\t\t\t\t\t\t\t\t\t<div class=\"ourteam-item\">\n\t\t\t\t\t\t\t\t\t\t<div class=\"ourteam-avatar\">\n\t\t\t\t\t\t\t\t\t\t\t<img src=\"\"\n\t\t\t\t\t\t\t\t\t\t\t\t alt=\"Edita Janulien\u0117\"\/>\n\t\t\t\t\t\t\t\t\t\t\t<ul class=\"ourteam-social\">\n\t\t\t\t\t\t\t\t\t\t\t\t\t\t\t\t\t\t\t\t\t\t\t<\/ul>\n\t\t\t\t\t\t\t\t\t\t<\/div>\n\t\t\t\t\t\t\t\t\t\t<div class=\"ourteam-info\">\n\t\t\t\t\t\t\t\t\t\t\t\t\t\t\t\t\t\t\t\t\t\t\t<p>Edita Janulien\u0117<\/p>\n\t\t\t\t\t\t\t\t\t\t\t\t\t\t\t\t\t\t\t\t\t\t<span>MA\u017dMENIN\u0116S PREKYBOS VADOV\u0116<\/span>\n\t\t\t\t\t\t\t\t\t\t<\/div>\n\t\t\t\t\t\t\t\t\t<\/div>\n\t\t\t\t\t\t\t\t\t\t\t\t\t\t\t\t\t<div class=\"ourteam-item\">\n\t\t\t\t\t\t\t\t\t\t<div class=\"ourteam-avatar\">\n\t\t\t\t\t\t\t\t\t\t\t<img src=\"\"\n\t\t\t\t\t\t\t\t\t\t\t\t alt=\"Dainius Indrijauskas\"\/>\n\t\t\t\t\t\t\t\t\t\t\t<ul class=\"ourteam-social\">\n\t\t\t\t\t\t\t\t\t\t\t\t\t\t\t\t\t\t\t\t\t\t\t<\/ul>\n\t\t\t\t\t\t\t\t\t\t<\/div>\n\t\t\t\t\t\t\t\t\t\t<div class=\"ourteam-info\">\n\t\t\t\t\t\t\t\t\t\t\t\t\t\t\t\t\t\t\t\t\t\t\t<p>Dainius Indrijauskas<\/p>\n\t\t\t\t\t\t\t\t\t\t\t\t\t\t\t\t\t\t\t\t\t\t<span>FILIAL\u0172 VADOVAS<\/span>\n\t\t\t\t\t\t\t\t\t\t<\/div>\n\t\t\t\t\t\t\t\t\t<\/div>\n\t\t\t\t\t\t\t\t\t\t\t\t\t\t\t\t\t<div class=\"ourteam-item\">\n\t\t\t\t\t\t\t\t\t\t<div class=\"ourteam-avatar\">\n\t\t\t\t\t\t\t\t\t\t\t<img src=\"\"\n\t\t\t\t\t\t\t\t\t\t\t\t alt=\"Dalius Stankevi\u010dius\"\/>\n\t\t\t\t\t\t\t\t\t\t\t<ul class=\"ourteam-social\">\n\t\t\t\t\t\t\t\t\t\t\t\t\t\t\t\t\t\t\t\t\t\t\t<\/ul>\n\t\t\t\t\t\t\t\t\t\t<\/div>\n\t\t\t\t\t\t\t\t\t\t<div class=\"ourteam-info\">\n\t\t\t\t\t\t\t\t\t\t\t\t\t\t\t\t\t\t\t\t\t\t\t<p>Dalius Stankevi\u010dius<\/p>\n\t\t\t\t\t\t\t\t\t\t\t\t\t\t\t\t\t\t\t\t\t\t<span>PROJEKT\u0172 PADALINIO VADOVAS<\/span>\n\t\t\t\t\t\t\t\t\t\t<\/div>\n\t\t\t\t\t\t\t\t\t<\/div>\n\t\t\t\t\t\t\t\t\t\t\t\t\t\t\t\t\t<div class=\"ourteam-item\">\n\t\t\t\t\t\t\t\t\t\t<div class=\"ourteam-avatar\">\n\t\t\t\t\t\t\t\t\t\t\t<img src=\"\"\n\t\t\t\t\t\t\t\t\t\t\t\t alt=\"Igoris Sabaliauskas\"\/>\n\t\t\t\t\t\t\t\t\t\t\t<ul class=\"ourteam-social\">\n\t\t\t\t\t\t\t\t\t\t\t\t\t\t\t\t\t\t\t\t\t\t\t<\/ul>\n\t\t\t\t\t\t\t\t\t\t<\/div>\n\t\t\t\t\t\t\t\t\t\t<div class=\"ourteam-info\">\n\t\t\t\t\t\t\t\t\t\t\t\t\t\t\t\t\t\t\t\t\t\t\t<p>Igoris Sabaliauskas<\/p>\n\t\t\t\t\t\t\t\t\t\t\t\t\t\t\t\t\t\t\t\t\t\t<span>TIEKIMO PADALINIO VADOVAS<\/span>\n\t\t\t\t\t\t\t\t\t\t<\/div>\n\t\t\t\t\t\t\t\t\t<\/div>\n\t\t\t\t\t\t\t\t\t\t\t\t\t\t\t<\/div>\n\t\t\t\t\t\t<\/div>\n\t\t\t\t\t\t\t\t\t<\/div>\n\t\t\t[\/vc_column][\/vc_row][vc_row parallax_style=&#8221;none&#8221; parallax_scroll_effect=&#8221;fixed&#8221; css=&#8221;.vc_custom_1437797244022{background-color: #f8f8f8 !important;}&#8221;][vc_column][\/vc_column][\/vc_row]<\/p>\n","protected":false},"excerpt":{"rendered":"<p>[vc_row][vc_column][vc_column_text]__[\/vc_column_text][\/vc_column][\/vc_row][vc_row layout=&#8221;boxed&#8221; parallax_style=&#8221;none&#8221; parallax_scroll_effect=&#8221;fixed&#8221; el_class=&#8221;margin-bottom-100&#8243;][vc_column width=&#8221;1\/2&#8243;][vc_row_inner parallax_style=&#8221;none&#8221; video_link=&#8221;&#8221; parallax_scroll_effect=&#8221;fixed&#8221;][vc_column_inner width=&#8221;1\/2&#8243;][vc_single_image image=&#8221;574&#8243; img_size=&#8221;full&#8221; alignment=&#8221;center&#8221; el_class=&#8221;darna-single-image-style xs-margin-bottom-15&#8243;][\/vc_column_inner][vc_column_inner width=&#8221;1\/2&#8243;][vc_single_image image=&#8221;575&#8243; img_size=&#8221;full&#8221; alignment=&#8221;center&#8221; el_class=&#8221;darna-single-image-style&#8221; css=&#8221;.vc_custom_1437821561191{margin-bottom: 18px !important;}&#8221;][vc_single_image image=&#8221;576&#8243; img_size=&#8221;full&#8221; alignment=&#8221;center&#8221; el_class=&#8221;darna-single-image-style xs-margin-bottom-15&#8243;][\/vc_column_inner][\/vc_row_inner][\/vc_column][vc_column width=&#8221;1\/2&#8243;][vc_row_inner parallax_style=&#8221;none&#8221; parallax_scroll_effect=&#8221;fixed&#8221; el_class=&#8221;darna-list-style&#8221; css=&#8221;.vc_custom_1437821641282{margin-top: 9px !important;margin-bottom: 38px !important;}&#8221;][vc_column_inner width=&#8221;1\/2&#8243;][vc_column_text][\/vc_column_text][\/vc_column_inner][vc_column_inner width=&#8221;1\/2&#8243;][vc_column_text][\/vc_column_text][\/vc_column_inner][\/vc_row_inner][\/vc_column][\/vc_row][vc_row parallax_style=&#8221;none&#8221; parallax_scroll_effect=&#8221;fixed&#8221; css=&#8221;.vc_custom_1514374866084{background-image: url(http:\/\/jupoja.lt\/wp-content\/uploads\/2015\/07\/bg.jpg?id=624) !important;background-position: 0 0 !important;background-repeat: repeat !important;}&#8221; el_class=&#8221;margin-bottom-100&#8243;][vc_column css=&#8221;.vc_custom_1514375036303{margin-left: 115px !important;}&#8221;][vc_row_inner layout=&#8221;container-fluid&#8221; parallax_style=&#8221;none&#8221; [&hellip;]<\/p>\n","protected":false},"author":1,"featured_media":0,"parent":0,"menu_order":0,"comment_status":"closed","ping_status":"closed","template":"","meta":[],"translation":{"provider":"WPGlobus","version":"2.10.4","language":"en","enabled_languages":["lt","ru","en"],"languages":{"lt":{"title":true,"content":true,"excerpt":false},"ru":{"title":true,"content":true,"excerpt":false},"en":{"title":true,"content":true,"excerpt":false}}},"_links":{"self":[{"href":"https:\/\/imone.jupoja.lt\/en\/wp-json\/wp\/v2\/pages\/115"}],"collection":[{"href":"https:\/\/imone.jupoja.lt\/en\/wp-json\/wp\/v2\/pages"}],"about":[{"href":"https:\/\/imone.jupoja.lt\/en\/wp-json\/wp\/v2\/types\/page"}],"author":[{"embeddable":true,"href":"https:\/\/imone.jupoja.lt\/en\/wp-json\/wp\/v2\/users\/1"}],"replies":[{"embeddable":true,"href":"https:\/\/imone.jupoja.lt\/en\/wp-json\/wp\/v2\/comments?post=115"}],"version-history":[{"count":241,"href":"https:\/\/imone.jupoja.lt\/en\/wp-json\/wp\/v2\/pages\/115\/revisions"}],"predecessor-version":[{"id":14319,"href":"https:\/\/imone.jupoja.lt\/en\/wp-json\/wp\/v2\/pages\/115\/revisions\/14319"}],"wp:attachment":[{"href":"https:\/\/imone.jupoja.lt\/en\/wp-json\/wp\/v2\/media?parent=115"}],"curies":[{"name":"wp","href":"https:\/\/api.w.org\/{rel}","templated":true}]}}