{"id":4128,"date":"2019-08-08T21:41:15","date_gmt":"2019-08-08T18:41:15","guid":{"rendered":"http:\/\/www.jupoja.lt\/?page_id=4128"},"modified":"2019-08-27T13:34:07","modified_gmt":"2019-08-27T10:34:07","slug":"youtube-jupoja-paskyra","status":"publish","type":"page","link":"https:\/\/imone.jupoja.lt\/en\/youtube-jupoja-paskyra\/","title":{"rendered":"JUPOJA-YouTube"},"content":{"rendered":"<p>[vc_row layout=&#8221;container-fluid&#8221; parallax_style=&#8221;none&#8221; parallax_scroll_effect=&#8221;fixed&#8221; el_class=&#8221;margin-bottom-100&#8243;][vc_column css=&#8221;.vc_custom_1507031324090{background-position: center !important;background-repeat: no-repeat !important;background-size: cover !important;}&#8221;][vc_empty_space height=&#8221;10&#8243;][vc_custom_heading text=&#8221;Naudingi patarimai statyb\u0173 tema ir ne tik!&#8221; font_container=&#8221;tag:h2|font_size:60|text_align:center|color:%23f8ca00&#8243; use_theme_fonts=&#8221;yes&#8221;][vc_empty_space height=&#8221;45&#8243;][vc_row_inner layout=&#8221;container-fluid&#8221; css=&#8221;.vc_custom_1566819746433{margin-right: 50px !important;margin-left: 50px !important;}&#8221;][vc_column_inner width=&#8221;1\/4&#8243;][vc_video link=&#8221;https:\/\/www.youtube.com\/watch?v=DT3ulbhJG1U&#8221; align=&#8221;center&#8221; title=&#8221;<\/p>\n<p><center>Profesionali vyniakal\u0117, tikras geras \u012frankis.&#8221;][vc_column_text]<\/center><\/p>\n<p style=\"text-align: center;\">Per 2 minutes baterija pakraunama 100 \u0161\u016bvi\u0173. Panaudojimo galimyb\u0117s &#8211; visiems medini\u0173 ir karkasini\u0173 nam\u0173 statybos darbams ( stogui, sienoms, terasai, pertvaroms tvirtinti )<\/p>\n<p>[\/vc_column_text][vc_empty_space height=&#8221;20px&#8221;][\/vc_column_inner][vc_column_inner width=&#8221;1\/4&#8243;][vc_video link=&#8221;https:\/\/www.youtube.com\/watch?v=FOmFGegWZmU&amp;t=2s&#8221; align=&#8221;center&#8221; title=&#8221;<\/p>\n<p><center>Wienerberger ekstr\u016bdin\u0117s klinkerin\u0117s plytos&#8221;][vc_column_text]<\/center><\/p>\n<p style=\"text-align: center;\">Plytos su ypa\u010d ma\u017eu dr\u0117gm\u0117s \u012fgeriamumu. Labai patikimos bei ilgaam\u017e\u0117s wienerberger plytos, kurios tarnaus ne trumpiau nei 150 met\u0173!<\/p>\n<p>[\/vc_column_text][vc_empty_space height=&#8221;20px&#8221;][\/vc_column_inner][vc_column_inner width=&#8221;1\/4&#8243;][vc_video link=&#8221;https:\/\/www.youtube.com\/watch?v=o5RMN698Hco&#8221; align=&#8221;center&#8221; title=&#8221;<\/p>\n<p><center>Roto stogo langai, patikimi, ilgaam\u017eiai.&#8221;][vc_column_text]<\/center><\/p>\n<p style=\"text-align: center;\">Stogo langai padarys pal\u0117p\u0119 \u0161viesesn\u0119 ir jaukesn\u0119. \u012emontavus stogo lang\u0105 patalpos atrodys visi\u0161kai kitaip. Apskai\u010diuota, kad stogo langai \u012fleid\u017eia \u0161viesos 40 proc. daugiau, negu vertikal\u016bs langai.<\/p>\n<p>[\/vc_column_text][vc_empty_space height=&#8221;20px&#8221;][\/vc_column_inner][vc_column_inner width=&#8221;1\/4&#8243;][vc_video link=&#8221;https:\/\/www.youtube.com\/watch?v=JKuHakEd_Ec&amp;t=4s&#8221; align=&#8221;center&#8221; title=&#8221;<\/p>\n<p><center>ROCKWOOL akmens vata.&#8221;][vc_column_text]<\/center><\/p>\n<p style=\"text-align: center;\">\u0160ilumin\u0117s izoliacijos lygis priklauso nuo temperat\u016bros. Kylant med\u017eiagos temperat\u016brai, med\u017eiagos \u0161ilumos laidumas did\u0117ja. \u0160ilumos laidumas yra viena svarbiausi\u0173 med\u017eiagos \u0161ilumini\u0173 savybi\u0173.<\/p>\n<p>[\/vc_column_text][vc_empty_space height=&#8221;20px&#8221;][\/vc_column_inner][\/vc_row_inner][vc_row_inner layout=&#8221;container-fluid&#8221; css=&#8221;.vc_custom_1566820615160{margin-right: 50px !important;margin-left: 50px !important;}&#8221;][vc_column_inner width=&#8221;1\/4&#8243;][vc_video link=&#8221;https:\/\/www.youtube.com\/watch?v=5L_C7qO75B0&amp;t=99s&#8221; align=&#8221;center&#8221; title=&#8221;<\/p>\n<p><center>Knaufinsulation vata &#8211; puikus pasirinkimas statantiems&#8221;][vc_column_text]<\/center><\/p>\n<p style=\"text-align: center;\">Knaufinsulation vata, puikus pasirinkimas statantiems. Sukurta profesionaliam ir patogiam montavimui. Ypa\u010d efektyv\u016bs \u0161ilumin\u0117s var\u017eos rezultatai pasiekiami naudojant knaufinsulation vat\u0105.<\/p>\n<p>[\/vc_column_text][\/vc_column_inner][vc_column_inner width=&#8221;1\/4&#8243;][vc_video link=&#8221;https:\/\/www.youtube.com\/watch?v=9erhO57ITJk&#8221; align=&#8221;center&#8221; title=&#8221;<\/p>\n<p><center>Priedas be kurio neapsieina nei vienos statybos! Ejot&#8221;][vc_column_text]<\/center><\/p>\n<p style=\"text-align: center;\">Sien\u0173 \u0161iltinimas labai svarbus faktorius. Smeig\u0117s naudojamos sien\u0173 \u0161iltinimo procese. Priklijavus polistirenin\u012f putplast\u012f, b\u016btina j\u012f papildomai pritvirtinti smeig\u0117mis.<\/p>\n<p>[\/vc_column_text][\/vc_column_inner][vc_column_inner width=&#8221;1\/4&#8243;][vc_video link=&#8221;https:\/\/www.youtube.com\/watch?v=xDU-eDNEtNg&#8221; align=&#8221;center&#8221; title=&#8221;<\/p>\n<p><center>Vincents Polyline statybin\u0117s chemijos produktai&#8221;][vc_column_text]<\/center><\/p>\n<p style=\"text-align: center;\">\u201eVincents Polyline&#8221; specializuojasi statybin\u0117s chemijos, taip pat statybini\u0173 med\u017eiag\u0173 gamyboje. \u012emon\u0117s si\u016bloma produkcija gerai pa\u017e\u012fstama ir pripa\u017e\u012fstama tiek Baltijos, tiek Rusijos rinkoje, yra \u012fkurtos atstovyb\u0117s Lietuvoje ir Estijoje.<\/p>\n<p>[\/vc_column_text][\/vc_column_inner][vc_column_inner width=&#8221;1\/4&#8243;][vc_video link=&#8221;https:\/\/www.youtube.com\/watch?v=BFBSTEHFfPg&#8221; align=&#8221;center&#8221; title=&#8221;<\/p>\n<p><center>Dr\u016btsraigtis pristatomi \u012fvair\u016bs tvirtinimo elementai.&#8221;][vc_column_text]<\/center><\/p>\n<p style=\"text-align: center;\">Labai patikimi senai \u017einom\u0173 ir i\u0161bandyt\u0173 kompanij\u0173 tvirtinimo elementai i\u0161 kompanijos Dr\u016btsraigtis. M\u016bs\u0173 si\u016blom\u0173 preki\u0173 asortimentas yra labai platus atsi\u017evelgiant \u012f did\u0117jan\u010dius klient\u0173 poreikius bei naujoves rinkoje<\/p>\n<p>[\/vc_column_text][\/vc_column_inner][\/vc_row_inner][vc_row_inner layout=&#8221;container-fluid&#8221; css=&#8221;.vc_custom_1566820615160{margin-right: 50px !important;margin-left: 50px !important;}&#8221;][vc_column_inner width=&#8221;1\/4&#8243;][vc_video link=&#8221;https:\/\/www.youtube.com\/watch?v=QEE6FaIJDog&#8221; align=&#8221;center&#8221; title=&#8221;<\/p>\n<p><center>EJOT Baltic smeig\u0117s, profiliai. Pa\u017eangi\u0173 tvirtinimo element\u0173 asortimentas&#8221;][vc_column_text]<\/center><\/p>\n<p style=\"text-align: center;\">EJOT si\u016blo plat\u0173 pa\u017eangi\u0173 tvirtinimo element\u0173 asortiment\u0105, pavyzd\u017eiui, savisriegius metalui ir plastikui, in\u017einerijos b\u016bdu pagamintoms plastikin\u0117ms ir metalin\u0117ms detal\u0117ms bei plat\u0173 s\u0105var\u017e\u0173 stog\u0173 dangoms ir apkaloms asortiment\u0105.<\/p>\n<p>[\/vc_column_text][\/vc_column_inner][vc_column_inner width=&#8221;1\/4&#8243;][vc_video link=&#8221;https:\/\/www.youtube.com\/watch?v=Ge9Or3gnIqA&#8221; align=&#8221;center&#8221; title=&#8221;<\/p>\n<p><center>CAPAROL ISOLAN BAUDICHT. Puikus vieno komponento pastat\u0173 hermetikas&#8221;][vc_column_text]<\/center><\/p>\n<p style=\"text-align: center;\">Juodas, su u\u017epildais, skied\u017eiamas vandeniu hermetikas bitumo su elastiniu plastiku pagrindu. Be tirpikli\u0173. I\u0161d\u017ei\u016bvus gaunamas tvirtas, plasti\u0161kai elastingas, nepralaidus vandeniui hermetinis sluoksnis, u\u017edengiantis kapiliarinius \u012ftr\u016bkius.<\/p>\n<p>[\/vc_column_text][\/vc_column_inner][vc_column_inner width=&#8221;1\/4&#8243;][vc_video link=&#8221;https:\/\/www.youtube.com\/watch?v=W9KwbsrALTs&#8221; align=&#8221;center&#8221; title=&#8221;<\/p>\n<p><center>Kv\u0117puojanti stogo pl\u0117vel\u0117 Mastermax J\u016bs\u0173 stogui ir ne tik!&#8221;][vc_column_text]<\/center><\/p>\n<p style=\"text-align: center;\">Mastermax reguliuoja procesus, susijusius su vandens garo kondensavimu ir kondensato kaupimusi, nes jos strukt\u016bra padaryta taip, kad nepraleid\u017eia vandens, ta\u010diau puikiai praleid\u017eia vandens gar\u0105.<\/p>\n<p>[\/vc_column_text][\/vc_column_inner][vc_column_inner width=&#8221;1\/4&#8243;][vc_video link=&#8221;https:\/\/www.youtube.com\/watch?v=2LzprSDK-dI&#8221; align=&#8221;center&#8221; title=&#8221;<\/p>\n<p><center>Krause, Multimatic &#8211; patikimos kop\u0117\u010dios kiekvienam, ir statant ir remontuojant.&#8221;][vc_column_text]<\/center><\/p>\n<p style=\"text-align: center;\">Tai kokybi\u0161kos Vokietijos gamintojo kop\u0117\u010dios pagamintos i\u0161 specialaus aliuminio lydinio. Yra lengvos ir labai tvirtos. Pasi\u017eymi auk\u0161tomis panaudojimo galimyb\u0117mis.<\/p>\n<p>[\/vc_column_text][\/vc_column_inner][\/vc_row_inner][vc_row_inner layout=&#8221;container-fluid&#8221; css=&#8221;.vc_custom_1566820615160{margin-right: 50px !important;margin-left: 50px !important;}&#8221;][vc_column_inner width=&#8221;1\/4&#8243;][vc_video link=&#8221;https:\/\/www.youtube.com\/watch?v=p-2YmI0nkdc&#8221; align=&#8221;center&#8221; title=&#8221;<\/p>\n<p><center>Paroc ap\u0161iltinimo med\u017eiagos, tiek \u0161altiems tiek kar\u0161tiems vamzd\u017eiams.&#8221;][vc_column_text]<\/center><\/p>\n<p style=\"text-align: center;\">Vamzd\u017eiai yra sud\u0117tin\u0117 \u0161ildymo, v\u0117dinimo ir oro kondicionavimo (\u0160VOK) sistem\u0173 dalis. Izoliav\u0119 vamzd\u017eius, suma\u017einsite energijos s\u0105naudas ir eksploatavimo i\u0161laidas. Tam, kad b\u016bt\u0173 palaikoma tinkama vandens temperat\u016bra, vamzd\u017eiai privalo b\u016bti izoliuoti \u0161ilumine izoliacija.<\/p>\n<p>[\/vc_column_text][\/vc_column_inner][vc_column_inner width=&#8221;1\/4&#8243;][vc_video link=&#8221;https:\/\/www.youtube.com\/watch?v=vZMG_xGPVlo&#8221; align=&#8221;center&#8221; title=&#8221;<\/p>\n<p><center>RMtools kokybi\u0161ki \u012frankiai tiek profesionaliam tiek m\u0117g\u0117ji\u0161kam naudojimui.&#8221;][vc_column_text]<\/center><\/p>\n<p style=\"text-align: center;\">Lietuvoje gerai \u017einomi \u012frankiaiIRWIN. Nuo pat 1885 met\u0173 IRWIN siek\u0117 meistrus apr\u016bpinti profesionaliais darbo \u012frankiais, leid\u017eian\u010diais darbus atlikti grei\u010diau, patogiau ir profesionaliau. \u0160tai kod\u0117l net ir po 130 met\u0173 IRWIN prek\u0117s \u017eenklu pasitiki visi pasaulio meistrai.<\/p>\n<p>[\/vc_column_text][\/vc_column_inner][vc_column_inner width=&#8221;1\/4&#8243;][vc_video link=&#8221;https:\/\/www.youtube.com\/watch?v=KLGiwcMU6CE&#8221; align=&#8221;center&#8221; title=&#8221;<\/p>\n<p><center>Cementin\u0117s dailylent\u0117s \u201eCEDRAL\u201c \u2013 ilgaam\u017e\u0117 fasado apdaila J\u016bs\u0173 namui.&#8221;][vc_column_text]<\/center><\/p>\n<p style=\"text-align: center;\">Cementin\u0117s dailylent\u0117s atrodo labai pana\u0161iai \u012f medines dailylentes, ta\u010diau neturi pastar\u0173j\u0173 tr\u016bkum\u0173 \u2013 \u201eCEDRAL\u201c dailylent\u0117s yra atsparios aplinkos poveikiui, j\u0173 nereikia perda\u017eyti, valyti ar plauti. Tai \u2013 ilgaam\u017e\u0117 danga: gamintojas suteikia 10 met\u0173 garantij\u0105 ra\u0161tu, nors realus tarnavimo laikas yra 40-50 met\u0173.<\/p>\n<p>[\/vc_column_text][\/vc_column_inner][vc_column_inner width=&#8221;1\/4&#8243;][vc_video link=&#8221;https:\/\/www.youtube.com\/watch?v=x_Asinp2Pio&#8221; align=&#8221;center&#8221; title=&#8221;<\/p>\n<p><center>Knauf Brown sausos grindys. Tikrai labai greitas b\u016bdas kloti grindis!&#8221;][vc_column_text]<\/center><\/p>\n<p style=\"text-align: center;\">Knauf Brown plok\u0161t\u0117 skirta naudoti Knauf saus\u0173j\u0173 grind\u0173 sistemoje. Naudojama tik vidaus darbams. Tai vienas grei\u010diausi\u0173 grind\u0173 klojimo b\u016bd\u0173, nes dirbant n\u0117ra priverstini\u0173 pertrauk\u0173, pavyzd\u017eiui, nereikia laukti, kol grindys i\u0161d\u017eius.<\/p>\n<p>[\/vc_column_text][\/vc_column_inner][\/vc_row_inner][vc_row_inner layout=&#8221;container-fluid&#8221; css=&#8221;.vc_custom_1566820615160{margin-right: 50px !important;margin-left: 50px !important;}&#8221;][vc_column_inner width=&#8221;1\/4&#8243;][vc_video link=&#8221;https:\/\/www.youtube.com\/watch?v=zXGMMY-m4uA&#8221; align=&#8221;center&#8221; title=&#8221;<\/p>\n<p><center>KALVIS kieto kuro katilai ir ne tik. Juk visiems \u0161iltai gyventi gera!&#8221;][vc_column_text]<\/center><\/p>\n<p style=\"text-align: center;\">UAB \u201eKalvis\u201c yra viena stambiausi\u0173 Lietuvos metalo apdirbimo \u012fmoni\u0173, kuri\u0173 viena i\u0161 pagrindini\u0173 veiklos kryp\u010di\u0173 &#8211; Kieto kuro katil\u0173 gamyba. Kieto kuro katilai gaminami, tiek paprastiems vartotojams, buitiniam naudojimui, tiek pramoniniam naudojimui, dideliems pastatams ap\u0161ildyti.<\/p>\n<p>[\/vc_column_text][\/vc_column_inner][vc_column_inner width=&#8221;1\/4&#8243;][vc_video link=&#8221;https:\/\/www.youtube.com\/watch?v=c1S4AwIVPCI&#8221; align=&#8221;center&#8221; title=&#8221;<\/p>\n<p><center>K\u016brybin\u0117 grup\u0117 apsilank\u0117 Rygos RILAK gamykloje&#8221;][vc_column_text]<\/center><\/p>\n<p style=\"text-align: center;\">Laidos &#8220;Plyta prie plytos&#8221; k\u016brybin\u0117 grup\u0117 apsilank\u0117 Rygos RILAK gamykloje, kurioje gaminami da\u017eai, gruntai bei lakai \u012fvairiems pavir\u0161iams.<br \/>\nDa\u017eai, gruntai, lakai \u012fvairiems pavir\u0161iams.<\/p>\n<p>[\/vc_column_text][\/vc_column_inner][vc_column_inner width=&#8221;1\/4&#8243;][vc_video link=&#8221;https:\/\/www.youtube.com\/watch?v=sIDSbQjkrpA&#8221; align=&#8221;center&#8221; title=&#8221;<\/p>\n<p><center>PAROC \u0161ildimo, v\u0117dinimo ir oro kondicionavimo sistemos ap\u0161ildymas&#8221;][vc_column_text]<\/center><\/p>\n<p style=\"text-align: center;\">PAROC izoliacin\u0117s med\u017eiagos, v\u0117dinimo ir oro kondicionavimo sistem\u0173 kokybi\u0161kas ap\u0161ildymas.<\/p>\n<p>[\/vc_column_text][\/vc_column_inner][vc_column_inner width=&#8221;1\/4&#8243;][vc_video link=&#8221;https:\/\/www.youtube.com\/watch?v=Ni8RxBaYOJo&#8221; align=&#8221;center&#8221; title=&#8221;<\/p>\n<p><center>Pavir\u0161iaus gruntavimas naudojant Caparol grunt\u0105 daug lengvesnis!&#8221;][vc_column_text]<\/center><\/p>\n<p style=\"text-align: center;\">Gruntas idealiai tinka dengti voleliu tvirtus, por\u0117tus pavir\u0161ius, pvz, tink\u0105, m\u016br\u0105, akyt\u0105j\u012f beton\u0105, akmen\u012f, gipso, gipskartonio plok\u0161tes, beton\u0105, lengv\u0105j\u012f beton\u0105, skiediniu ar glaistu padengtus pavir\u0161ius.<\/p>\n<p>[\/vc_column_text][\/vc_column_inner][\/vc_row_inner][\/vc_column][vc_column][vc_empty_space height=&#8221;64px&#8221;][\/vc_column][\/vc_row][vc_row][vc_column][vc_widget_sidebar][\/vc_column][\/vc_row][vc_row][vc_column][\/vc_column][\/vc_row][vc_row][vc_column][vc_column_text][\/vc_column_text][\/vc_column][\/vc_row]<\/p>\n","protected":false},"excerpt":{"rendered":"<p>[vc_row layout=&#8221;container-fluid&#8221; parallax_style=&#8221;none&#8221; parallax_scroll_effect=&#8221;fixed&#8221; el_class=&#8221;margin-bottom-100&#8243;][vc_column css=&#8221;.vc_custom_1507031324090{background-position: center !important;background-repeat: no-repeat !important;background-size: cover !important;}&#8221;][vc_empty_space height=&#8221;10&#8243;][vc_custom_heading text=&#8221;Naudingi patarimai statyb\u0173 tema ir ne tik!&#8221; font_container=&#8221;tag:h2|font_size:60|text_align:center|color:%23f8ca00&#8243; use_theme_fonts=&#8221;yes&#8221;][vc_empty_space height=&#8221;45&#8243;][vc_row_inner layout=&#8221;container-fluid&#8221; css=&#8221;.vc_custom_1566819746433{margin-right: 50px !important;margin-left: 50px !important;}&#8221;][vc_column_inner width=&#8221;1\/4&#8243;][vc_video link=&#8221;https:\/\/www.youtube.com\/watch?v=DT3ulbhJG1U&#8221; align=&#8221;center&#8221; title=&#8221; Profesionali vyniakal\u0117, tikras geras \u012frankis.&#8221;][vc_column_text] Per 2 minutes baterija pakraunama 100 \u0161\u016bvi\u0173. Panaudojimo galimyb\u0117s &#8211; visiems medini\u0173 ir karkasini\u0173 nam\u0173 statybos darbams [&hellip;]<\/p>\n","protected":false},"author":1,"featured_media":0,"parent":0,"menu_order":0,"comment_status":"closed","ping_status":"closed","template":"","meta":[],"translation":{"provider":"WPGlobus","version":"2.10.4","language":"en","enabled_languages":["lt","ru","en"],"languages":{"lt":{"title":true,"content":true,"excerpt":false},"ru":{"title":false,"content":false,"excerpt":false},"en":{"title":false,"content":false,"excerpt":false}}},"_links":{"self":[{"href":"https:\/\/imone.jupoja.lt\/en\/wp-json\/wp\/v2\/pages\/4128"}],"collection":[{"href":"https:\/\/imone.jupoja.lt\/en\/wp-json\/wp\/v2\/pages"}],"about":[{"href":"https:\/\/imone.jupoja.lt\/en\/wp-json\/wp\/v2\/types\/page"}],"author":[{"embeddable":true,"href":"https:\/\/imone.jupoja.lt\/en\/wp-json\/wp\/v2\/users\/1"}],"replies":[{"embeddable":true,"href":"https:\/\/imone.jupoja.lt\/en\/wp-json\/wp\/v2\/comments?post=4128"}],"version-history":[{"count":57,"href":"https:\/\/imone.jupoja.lt\/en\/wp-json\/wp\/v2\/pages\/4128\/revisions"}],"predecessor-version":[{"id":4227,"href":"https:\/\/imone.jupoja.lt\/en\/wp-json\/wp\/v2\/pages\/4128\/revisions\/4227"}],"wp:attachment":[{"href":"https:\/\/imone.jupoja.lt\/en\/wp-json\/wp\/v2\/media?parent=4128"}],"curies":[{"name":"wp","href":"https:\/\/api.w.org\/{rel}","templated":true}]}}