{"id":898,"date":"2017-08-14T12:36:31","date_gmt":"2017-08-14T09:36:31","guid":{"rendered":"http:\/\/minmon.lt\/?page_id=898"},"modified":"2024-09-23T13:34:50","modified_gmt":"2024-09-23T10:34:50","slug":"partneryste-bendradarbiavimas","status":"publish","type":"page","link":"https:\/\/imone.jupoja.lt\/en\/partneryste-bendradarbiavimas\/","title":{"rendered":"Partnership \/ Cooperation"},"content":{"rendered":"<p>[vc_row][vc_column][vc_empty_space height=&#8221;25px&#8221;][vc_custom_heading text=&#8221;FOR BUYERS&#8221; font_container=&#8221;tag:h1|text_align:left|color:%23f4c300&#8243; use_theme_fonts=&#8221;yes&#8221;][vc_column_text]UAB \u201eJupojos statybin\u0117s med\u017eiagos UAB&#8221; is a rapidly developing company, one of the largest companies not only in \u0160iauliai, but also throughout Lithuania. Its activities are retail and wholesale of construction materials. We collaborate with professional and reliable partners. Our clients are building companies, building materials stores, budget and government companies as well as private individuals engaged in building or renovating of buildings.<\/p>\n<p>Professionals work in &#8220;Jupojos statybin\u0117s med\u017eiagos UAB&#8221; wholesale subsidiary, so here you can always find:<\/p>\n<ul>\n<li>Professional service<\/li>\n<li>Personal attention<\/li>\n<li>Competitive sales prices<\/li>\n<li>Optimal solution for material selection<\/li>\n<li>Delivery of goods throughout Lithuania<\/li>\n<\/ul>\n<p>We look forward to mutually successful cooperation.[\/vc_column_text][vc_empty_space height=&#8221;40px&#8221;][vc_custom_heading text=&#8221;We will be happy to help!&#8221; font_container=&#8221;tag:h3|text_align:left|color:%23000000&#8243; use_theme_fonts=&#8221;yes&#8221; css_animation=&#8221;top-to-bottom&#8221;][vc_column_text]<\/p>\n<table style=\"width: 85.24%;\">\n<tbody>\n<tr>\n<td style=\"width: 39.21%; text-align: left;\">\n<h4>Retail Sales Manager<\/h4>\n<p>Edita JANULIEN\u0116<br \/>\nTel.: +370 41 545377<br \/>\nMob: +370 612 89550<br \/>\nEl. pa\u0161tas:\u00a0<a href=\"mailto:edita.januliene@jupoja.lt\">edita.januliene@jupoja.lt<\/a><\/td>\n<td style=\"width: 45.09%; text-align: left;\">\n<h4>Branch manager<\/h4>\n<p>Dainius INDRIJAUSKAS<br \/>\nTel.: +370 41 545377<br \/>\nMob: +370 613 83294<br \/>\nEl.pa\u0161tas:\u00a0<a href=\"mailto:dainius.indrijauskas@jupoja.lt\">dainius.indrijauskas@jupoja.lt<\/a><\/td>\n<td style=\"width: 0.6%;\"><\/td>\n<td style=\"width: 0.6%;\"><\/td>\n<td style=\"width: 0.6%;\"><\/td>\n<td style=\"width: 0.6%;\"><\/td>\n<td style=\"width: 0.6%;\"><\/td>\n<td style=\"width: 0.6%;\"><\/td>\n<td style=\"width: 0.6%;\"><\/td>\n<td style=\"width: 0.6%;\"><\/td>\n<td style=\"width: 0.6%;\"><\/td>\n<td style=\"width: 0.6%;\"><\/td>\n<td style=\"width: 0.6%;\"><\/td>\n<td style=\"width: 1.5%;\"><\/td>\n<td style=\"width: 0.6%;\"><\/td>\n<td style=\"width: 0.6%;\"><\/td>\n<td style=\"width: 0.6%;\"><\/td>\n<td style=\"width: 0.6%; text-align: left;\">\n<h4><\/h4>\n<\/td>\n<\/tr>\n<tr>\n<td style=\"width: 39.21%; text-align: left;\"><\/td>\n<td style=\"width: 45.09%;\"><\/td>\n<\/tr>\n<\/tbody>\n<\/table>\n<p>[\/vc_column_text][vc_empty_space height=&#8221;55px&#8221;][vc_custom_heading text=&#8221;FOR SUPPLIERS&#8221; font_container=&#8221;tag:h1|text_align:left|color:%23f4c300&#8243; use_theme_fonts=&#8221;yes&#8221;][vc_column_text]We have 6 shopping centres in the northern Lithuania, we cooperate with more than 450 suppliers. Our stores offer more than 45,000 product assortment, which is constantly updated by supply unit, we also develop our imported goods wholesale trade, so we are looking for new products, new suppliers and invite you to cooperate.<\/p>\n<p>If you are a producer or a distributor capable of supplying quality products that meet all the quality requirements set in the laws of the Republic of Lithuania, we invite you to cooperate. We can offer favourable conditions for cooperation, opportunity to supply goods through a central logistics warehouse, competitive prices of products in online trading and on store shelves as well as promotion campaigns.<\/p>\n<p>We also offer the opportunity to exploit our online store JSM.LT and deliver goods to our customers through this fast growing trading platform.[\/vc_column_text][vc_empty_space height=&#8221;40px&#8221;][vc_custom_heading text=&#8221;Kindly please Contact us!&#8221; font_container=&#8221;tag:h3|text_align:left|color:%23000000&#8243; use_theme_fonts=&#8221;yes&#8221; css_animation=&#8221;top-to-bottom&#8221;][vc_column_text]<\/p>\n<table>\n<tbody>\n<tr>\n<td style=\"text-align: left;\">\n<h4><span style=\"font-size: 12pt;\">Paint, plumbing, construction and household chemistry, household goods<\/span><\/h4>\n<p>Igoris SABALIAUSKAS, Supply Chain Manager<br \/>\nTel.: +370 41 545377<br \/>\nMob: +370 611 22434<br \/>\nEl. pa\u0161tas:\u00a0<a href=\"mailto:igoris.sabaliauskas@jupoja.lt\" target=\"_blank\" rel=\"noopener noreferrer\">igoris.sabaliauskas@jupoja.lt<\/a><\/td>\n<td style=\"text-align: left;\">\n<h4><span style=\"font-size: 12pt;\">Building materials, building mixtures, metal products, bricks and blocks, roofing materials, welfare goods, fences<\/span><\/h4>\n<p>Martynas JOKUBAITIS, Preki\u0173 grupi\u0173 tiekimo vadybininkas<br \/>\nTel.: +370 41 545377<br \/>\nMob: +370 686 18982<br \/>\nEl. pa\u0161tas: <a>martynas.jokubaitis@jupoja.lt<\/a><\/td>\n<td style=\"text-align: left;\"><\/td>\n<\/tr>\n<tr>\n<td style=\"text-align: left;\">\n<h4><span style=\"font-size: 12pt;\">Finishing goods, electrical goods, wallpaper, sauna equipment, wood products<\/span><\/h4>\n<p>Andrius VARNECKIS, Supply Chain Manager for commodity groups<br \/>\nTel.: +370 41 545377<br \/>\nMob: +370 614 10709<br \/>\nEl. pa\u0161tas:\u00a0<a href=\"mailto:andrius.varneckis@jupoja.lt\" target=\"_blank\" rel=\"noopener noreferrer\">andrius.varneckis@jupoja.lt<\/a><\/td>\n<td>\n<h4><span style=\"font-size: 12pt;\">Tools, garden supplies, heating equipment, fasteners, work clothes and safety equipment<\/span><\/h4>\n<p>Tomas KAN\u010cAS, Supply Chain Manager for commodity groups<br \/>\nTel.: +370 41 545377<br \/>\nMob: +370 616 14017<br \/>\nEl. pa\u0161tas:\u00a0<a href=\"mailto:tomas.kancas@jupoja.lt\" target=\"_blank\" rel=\"noopener noreferrer\">tomas.kancas@jupoja.lt<\/a><\/td>\n<\/tr>\n<\/tbody>\n<\/table>\n<p>[\/vc_column_text][vc_row_inner][vc_column_inner css=&#8221;.vc_custom_1513621451339{margin-top: 50px !important;padding-top: 35px !important;}&#8221;][vc_column_text]<img loading=\"lazy\" class=\"alignnone size-full wp-image-2732\" src=\"http:\/\/jupoja.lt\/wp-content\/uploads\/2017\/12\/jupoja_statybines_medziagos_ir-remontui_ir_statybai.jpg\" alt=\"\" width=\"1920\" height=\"60\" srcset=\"https:\/\/imone.jupoja.lt\/wp-content\/uploads\/2017\/12\/jupoja_statybines_medziagos_ir-remontui_ir_statybai.jpg 1920w, https:\/\/imone.jupoja.lt\/wp-content\/uploads\/2017\/12\/jupoja_statybines_medziagos_ir-remontui_ir_statybai-300x9.jpg 300w, https:\/\/imone.jupoja.lt\/wp-content\/uploads\/2017\/12\/jupoja_statybines_medziagos_ir-remontui_ir_statybai-768x24.jpg 768w, https:\/\/imone.jupoja.lt\/wp-content\/uploads\/2017\/12\/jupoja_statybines_medziagos_ir-remontui_ir_statybai-1024x32.jpg 1024w\" sizes=\"(max-width: 1920px) 100vw, 1920px\" \/>[\/vc_column_text][\/vc_column_inner][\/vc_row_inner][\/vc_column][\/vc_row]<\/p>\n","protected":false},"excerpt":{"rendered":"<p>[vc_row][vc_column][vc_empty_space height=&#8221;25px&#8221;][vc_custom_heading text=&#8221;FOR BUYERS&#8221; font_container=&#8221;tag:h1|text_align:left|color:%23f4c300&#8243; use_theme_fonts=&#8221;yes&#8221;][vc_column_text]UAB \u201eJupojos statybin\u0117s med\u017eiagos UAB&#8221; is a rapidly developing company, one of the largest companies not only in \u0160iauliai, but also throughout Lithuania. Its activities are retail and wholesale of construction materials. We collaborate with professional and reliable partners. Our clients are building companies, building materials stores, budget and government [&hellip;]<\/p>\n","protected":false},"author":1,"featured_media":0,"parent":0,"menu_order":0,"comment_status":"closed","ping_status":"closed","template":"","meta":[],"translation":{"provider":"WPGlobus","version":"2.10.4","language":"en","enabled_languages":["lt","ru","en"],"languages":{"lt":{"title":true,"content":true,"excerpt":false},"ru":{"title":true,"content":true,"excerpt":false},"en":{"title":true,"content":true,"excerpt":false}}},"_links":{"self":[{"href":"https:\/\/imone.jupoja.lt\/en\/wp-json\/wp\/v2\/pages\/898"}],"collection":[{"href":"https:\/\/imone.jupoja.lt\/en\/wp-json\/wp\/v2\/pages"}],"about":[{"href":"https:\/\/imone.jupoja.lt\/en\/wp-json\/wp\/v2\/types\/page"}],"author":[{"embeddable":true,"href":"https:\/\/imone.jupoja.lt\/en\/wp-json\/wp\/v2\/users\/1"}],"replies":[{"embeddable":true,"href":"https:\/\/imone.jupoja.lt\/en\/wp-json\/wp\/v2\/comments?post=898"}],"version-history":[{"count":132,"href":"https:\/\/imone.jupoja.lt\/en\/wp-json\/wp\/v2\/pages\/898\/revisions"}],"predecessor-version":[{"id":14303,"href":"https:\/\/imone.jupoja.lt\/en\/wp-json\/wp\/v2\/pages\/898\/revisions\/14303"}],"wp:attachment":[{"href":"https:\/\/imone.jupoja.lt\/en\/wp-json\/wp\/v2\/media?parent=898"}],"curies":[{"name":"wp","href":"https:\/\/api.w.org\/{rel}","templated":true}]}}