{"id":1023,"date":"2017-09-17T19:13:50","date_gmt":"2017-09-17T16:13:50","guid":{"rendered":"http:\/\/minmon.lt\/?page_id=1023"},"modified":"2019-08-26T13:25:04","modified_gmt":"2019-08-26T10:25:04","slug":"socialine-atsakomybe-2","status":"publish","type":"page","link":"https:\/\/imone.jupoja.lt\/ru\/socialine-atsakomybe-2\/","title":{"rendered":"\u0421\u043e\u0446\u0438\u0430\u043b\u044c\u043d\u0430\u044f \u043e\u0442\u0432\u0435\u0442\u0441\u0442\u0432\u0435\u043d\u043d\u043e\u0441\u0442\u044c"},"content":{"rendered":"<p>[vc_row parallax_style=&#8221;none&#8221; parallax_scroll_effect=&#8221;fixed&#8221; el_class=&#8221;margin-bottom-100&#8243;][vc_column][rev_slider_vc alias=&#8221;socialine-atsakomybe&#8221;][vc_empty_space height=&#8221;45px&#8221;][\/vc_column][vc_column]\t\t\t<div\n\t\t\t\tclass=\"darna-heading style1 \" >\n\t\t\t\t\t\t\t\t\t<h2>\u0421\u043e\u0446\u0438\u0430\u043b\u044c\u043d\u0430\u044f \u043e\u0442\u0432\u0435\u0442\u0441\u0442\u0432\u0435\u043d\u043d\u043e\u0441\u0442\u044c<\/h2>\n\t\t\t\t\t\t\t\t\t\t\t<\/div>\n\t\t\t[vc_empty_space height=&#8221;42px&#8221;][\/vc_column][\/vc_row][vc_row layout=&#8221;boxed&#8221; full_height=&#8221;yes&#8221;][vc_column width=&#8221;1\/4&#8243;][vc_empty_space height=&#8221;5px&#8221;][vc_row_inner full_height=&#8221;yes&#8221;][vc_column_inner offset=&#8221;vc_hidden-xs&#8221;][vc_single_image image=&#8221;2330&#8243; img_size=&#8221;full&#8221; alignment=&#8221;right&#8221; style=&#8221;vc_box_shadow_3d&#8221;][\/vc_column_inner][\/vc_row_inner][\/vc_column][vc_column width=&#8221;3\/4&#8243;][vc_row_inner][vc_column_inner][vc_empty_space height=&#8221;5px&#8221;]\t\t\t<div\n\t\t\t\tclass=\"darna-icon-box style3 \" >\n\t\t\t\t<a class=\"ibox-icon\" title=\"\"\n\t\t\t\t   target=\"_self\" href=\"#\">\n\t\t\t\t\t\t\t\t\t\t\t<i class=\"fa fa-sun-o\"><\/i>\n\t\t\t\t\t\t\t\t\t<\/a>\n\t\t\t\t\t\t\t\t\t<h3><a title=\"\" target=\"_self\"\n\t\t\t\t\t       href=\"#\">\u041c\u042b - \u0421\u041e\u0426\u0418\u0410\u041b\u042c\u041d\u041e \u041e\u0422\u0412\u0415\u0422\u0421\u0422\u0412\u0415\u041d\u041d\u0410\u042f \u041a\u041e\u041c\u041f\u0410\u041d\u0418\u042f<\/a><\/h3>\n\t\t\t\t\t\t\t<\/div>\n\t\t\t[vc_empty_space height=&#8221;12px&#8221;][\/vc_column_inner][\/vc_row_inner][vc_row_inner][vc_column_inner][vc_column_text]<\/p>\n<h4><\/h4>\n<h4>\u041c\u044b \u0437\u0430\u0431\u043e\u0442\u0438\u043c\u0441\u044f \u043d\u0435 \u0442\u043e\u043b\u044c\u043a\u043e \u043e \u0441\u043e\u0442\u0440\u0443\u0434\u043d\u0438\u043a\u0430\u0445 \u0438 \u043f\u0430\u0440\u0442\u043d\u0451\u0440\u0430\u0445, \u0441 \u043a\u043e\u0442\u043e\u0440\u044b\u043c\u0438 \u0440\u0430\u0431\u043e\u0442\u0430\u0435\u043c, \u043d\u043e \u0438 \u043e\u0431 \u043e\u043a\u0440\u0443\u0436\u0430\u044e\u0449\u0435\u0439 \u0441\u0440\u0435\u0434\u0435, \u0432 \u043a\u043e\u0442\u043e\u0440\u043e\u0439 \u0437\u0430\u043d\u0438\u043c\u0430\u0435\u043c\u0441\u044f \u0441\u0432\u043e\u0435\u0439 \u043f\u0440\u0435\u0434\u043f\u0440\u0438\u043d\u0438\u043c\u0430\u0442\u0435\u043b\u044c\u0441\u043a\u043e\u0439 \u0434\u0435\u044f\u0442\u0435\u043b\u044c\u043d\u043e\u0441\u0442\u044c\u044e. \u0418\u043c\u0435\u043d\u043d\u043e \u043f\u043e\u044d\u0442\u043e\u043c\u0443 \u043c\u044b \u0441\u0442\u0430\u0440\u0430\u0435\u043c\u0441\u044f \u043f\u043e\u0441\u0442\u043e\u044f\u043d\u043d\u043e \u043f\u043e\u043c\u043e\u0433\u0430\u0442\u044c \u0442\u0435\u043c, \u043a\u0442\u043e \u043f\u0440\u043e\u0441\u043b\u0430\u0432\u043b\u044f\u0435\u0442 \u043d\u0430\u0448 \u0440\u0435\u0433\u0438\u043e\u043d, \u0442\u0435\u043c, \u043a\u0442\u043e \u043e\u043f\u0435\u043a\u0430\u0435\u0442 \u0441\u043e\u0446\u0438\u0430\u043b\u044c\u043d\u043e \u043d\u0435\u0437\u0430\u0449\u0438\u0449\u0451\u043d\u043d\u044b\u0435 \u0441\u043b\u043e\u0438 \u043d\u0430\u0441\u0435\u043b\u0435\u043d\u0438\u044f. \u041c\u044b \u043f\u043e\u0441\u0442\u043e\u044f\u043d\u043d\u043e \u043e\u043a\u0430\u0437\u044b\u0432\u0430\u0435\u043c \u0444\u0438\u043d\u0430\u043d\u0441\u043e\u0432\u0443\u044e \u043f\u043e\u0434\u0434\u0435\u0440\u0436\u043a\u0443 \u0440\u0430\u0437\u043b\u0438\u0447\u043d\u044b\u0445 \u0441\u043e\u0446\u0438\u0430\u043b\u044c\u043d\u044b\u0445 \u0438 \u043e\u0431\u0449\u0435\u0441\u0442\u0432\u0435\u043d\u043d\u044b\u0445 \u043f\u0440\u043e\u0435\u043a\u0442\u043e\u0432 \u0438 \u0438\u043d\u0438\u0446\u0438\u0430\u0442\u0438\u0432, \u043a\u043e\u0442\u043e\u0440\u044b\u0435 \u0432\u043d\u043e\u0441\u044f\u0442 \u0441\u0432\u043e\u0439 \u0432\u043a\u043b\u0430\u0434 \u0432 \u0441\u043e\u0437\u0434\u0430\u043d\u0438\u0435 \u0431\u043e\u043b\u0435\u0435 \u0441\u0442\u0430\u0431\u0438\u043b\u044c\u043d\u043e\u0439 \u0441\u043e\u0446\u0438\u0430\u043b\u044c\u043d\u043e\u0439 \u0441\u0440\u0435\u0434\u044b.<\/h4>\n<h4>\u041e\u0440\u0433\u0430\u043d\u0438\u0437\u0430\u0446\u0438\u0438, \u0432 \u043a\u043e\u0442\u043e\u0440\u044b\u0435 \u043c\u044b \u0432\u043d\u043e\u0441\u0438\u043b\u0438 \u0432\u043a\u043b\u0430\u0434:<\/h4>\n<ul>\n<li>\u0160iauli\u0173 sutrikusio vystymosi k\u016bdiki\u0173 namai<\/li>\n<li>Organizacija \u201eGelb\u0117kit vaikus\u201c<\/li>\n<li>Pam\u016b\u0161io \u0160v. Antano Paduvie\u010dio parapijiniai vaik\u0173 globos namai<\/li>\n<li>Pakap\u0117s \u0160v\u010d. M. Marijos \u0116mimo \u012f dang\u0173 ba\u017eny\u010dia<\/li>\n<li>K\u0117daini\u0173 \u0160v. Juozapo ba\u017eny\u010dia<\/li>\n<li>R\u0117kyvos \u0160v. Juozapo Darbininko ba\u017eny\u010dia<\/li>\n<li>Bistrampolio dvaras<\/li>\n<li>Me\u0161kui\u010di\u0173 gimnazijos socialin\u0117s klas\u0117s<\/li>\n<li>Krep\u0161inio sporto klubas \u201eKristalas\u201c<\/li>\n<li>Krep\u0161inio klubas \u201e\u0160iauliai\u201c<\/li>\n<li>Regbio klubas \u201eVairas-Jupoja\u201c<\/li>\n<li>Kelm\u0117s savivaldyb\u0117s miesto renginiai<\/li>\n<li>Naujosios Akmen\u0117s miesto renginiai<\/li>\n<li>Joni\u0161kio miesto renginiai<\/li>\n<li>\u0160iauli\u0173 miesto renginiai<\/li>\n<li>\u0160iauli\u0173 architekt\u0173 s\u0105jungos tarptautin\u0117s parodos<\/li>\n<li>\u0160iauli\u0173 Vykinto Rotary klubas<\/li>\n<li>\u0160iauli\u0173 Auksinio Rato Rotaract Klubas<\/li>\n<li>JCI \u0160iauliai<\/li>\n<li>Lietuvos moksleivi\u0173 s\u0105junga<\/li>\n<\/ul>\n<p>[\/vc_column_text][\/vc_column_inner][\/vc_row_inner][\/vc_column][\/vc_row][vc_row][vc_column][vc_empty_space height=&#8221;75px&#8221;][\/vc_column][\/vc_row][vc_row overlay_set=&#8221;show_overlay_color&#8221; overlay_color=&#8221;#000000&#8243; overlay_opacity=&#8221;75&#8243; parallax_style=&#8221;vertical-parallax&#8221; parallax_scroll_effect=&#8221;fixed&#8221; css=&#8221;.vc_custom_1512629159212{background-image: url(http:\/\/minmon.lt\/wp-content\/uploads\/2017\/12\/labdara.jpg?id=2556) !important;}&#8221; el_class=&#8221;margin-bottom-100&#8243;][vc_column][vc_row_inner layout=&#8221;boxed&#8221; parallax_style=&#8221;none&#8221; parallax_scroll_effect=&#8221;fixed&#8221; el_class=&#8221;margin-bottom-100 margin-top-100&#8243;][vc_column_inner width=&#8221;1\/3&#8243;]\t\t\t<div class=\"darna-counter \">\n\t\t\t\t\t\t\t\t\t<span class=\"display-percentage\" style=\"color: \"\n\t\t\t\t\t\t  data-percentage=\"25\">25<\/span>\n\t\t\t\t\t\t\t\t\t\t\t<p class=\"counter-title\" style=\"color: \">\u041c\u042b \u0420\u0410\u0411\u041e\u0422\u0410\u0415\u041c \u041b\u0415\u0422<\/p>\n\t\t\t\t\t\t\t\t<\/div>\n\t\t\t[\/vc_column_inner][vc_column_inner el_class=&#8221;col-md-3 col-sm-12 col-xs-12&#8243; width=&#8221;1\/3&#8243;]\t\t\t<div class=\"darna-counter \">\n\t\t\t\t\t\t\t\t\t<span class=\"display-percentage\" style=\"color: \"\n\t\t\t\t\t\t  data-percentage=\"1746\">1746<\/span>\n\t\t\t\t\t\t\t\t\t\t\t<p class=\"counter-title\" style=\"color: \">\u0423\u0421\u041f\u0415\u0428\u041d\u0410\u042f \u0414\u0415\u042f\u0422\u0415\u041b\u042c\u041d\u041e\u0421\u0422\u042c<\/p>\n\t\t\t\t\t\t\t\t<\/div>\n\t\t\t[\/vc_column_inner][vc_column_inner el_class=&#8221;col-md-3 col-sm-12 col-xs-12&#8243; width=&#8221;1\/3&#8243;]\t\t\t<div class=\"darna-counter \">\n\t\t\t\t\t\t\t\t\t<span class=\"display-percentage\" style=\"color: \"\n\t\t\t\t\t\t  data-percentage=\"198456\">198456<\/span>\n\t\t\t\t\t\t\t\t\t\t\t<p class=\"counter-title\" style=\"color: \">\u041d\u0410\u0428\u0410 \u041f\u041e\u0414\u0414\u0415\u0420\u0416\u041a\u0410<\/p>\n\t\t\t\t\t\t\t\t<\/div>\n\t\t\t[\/vc_column_inner][\/vc_row_inner][\/vc_column][\/vc_row][vc_row][vc_column][vc_empty_space height=&#8221;75px&#8221;][vc_widget_sidebar][\/vc_column][\/vc_row]<\/p>\n","protected":false},"excerpt":{"rendered":"<p>[vc_row parallax_style=&#8221;none&#8221; parallax_scroll_effect=&#8221;fixed&#8221; el_class=&#8221;margin-bottom-100&#8243;][vc_column][rev_slider_vc alias=&#8221;socialine-atsakomybe&#8221;][vc_empty_space height=&#8221;45px&#8221;][\/vc_column][vc_column][vc_empty_space height=&#8221;42px&#8221;][\/vc_column][\/vc_row][vc_row layout=&#8221;boxed&#8221; full_height=&#8221;yes&#8221;][vc_column width=&#8221;1\/4&#8243;][vc_empty_space height=&#8221;5px&#8221;][vc_row_inner full_height=&#8221;yes&#8221;][vc_column_inner offset=&#8221;vc_hidden-xs&#8221;][vc_single_image image=&#8221;2330&#8243; img_size=&#8221;full&#8221; alignment=&#8221;right&#8221; style=&#8221;vc_box_shadow_3d&#8221;][\/vc_column_inner][\/vc_row_inner][\/vc_column][vc_column width=&#8221;3\/4&#8243;][vc_row_inner][vc_column_inner][vc_empty_space height=&#8221;5px&#8221;][vc_empty_space height=&#8221;12px&#8221;][\/vc_column_inner][\/vc_row_inner][vc_row_inner][vc_column_inner][vc_column_text] \u041c\u044b \u0437\u0430\u0431\u043e\u0442\u0438\u043c\u0441\u044f \u043d\u0435 \u0442\u043e\u043b\u044c\u043a\u043e \u043e \u0441\u043e\u0442\u0440\u0443\u0434\u043d\u0438\u043a\u0430\u0445 \u0438 \u043f\u0430\u0440\u0442\u043d\u0451\u0440\u0430\u0445, \u0441 \u043a\u043e\u0442\u043e\u0440\u044b\u043c\u0438 \u0440\u0430\u0431\u043e\u0442\u0430\u0435\u043c, \u043d\u043e \u0438 \u043e\u0431 \u043e\u043a\u0440\u0443\u0436\u0430\u044e\u0449\u0435\u0439 \u0441\u0440\u0435\u0434\u0435, \u0432 \u043a\u043e\u0442\u043e\u0440\u043e\u0439 \u0437\u0430\u043d\u0438\u043c\u0430\u0435\u043c\u0441\u044f \u0441\u0432\u043e\u0435\u0439 \u043f\u0440\u0435\u0434\u043f\u0440\u0438\u043d\u0438\u043c\u0430\u0442\u0435\u043b\u044c\u0441\u043a\u043e\u0439 \u0434\u0435\u044f\u0442\u0435\u043b\u044c\u043d\u043e\u0441\u0442\u044c\u044e. \u0418\u043c\u0435\u043d\u043d\u043e \u043f\u043e\u044d\u0442\u043e\u043c\u0443 \u043c\u044b \u0441\u0442\u0430\u0440\u0430\u0435\u043c\u0441\u044f \u043f\u043e\u0441\u0442\u043e\u044f\u043d\u043d\u043e \u043f\u043e\u043c\u043e\u0433\u0430\u0442\u044c \u0442\u0435\u043c, \u043a\u0442\u043e \u043f\u0440\u043e\u0441\u043b\u0430\u0432\u043b\u044f\u0435\u0442 \u043d\u0430\u0448 \u0440\u0435\u0433\u0438\u043e\u043d, \u0442\u0435\u043c, \u043a\u0442\u043e [&hellip;]<\/p>\n","protected":false},"author":1,"featured_media":0,"parent":0,"menu_order":0,"comment_status":"closed","ping_status":"closed","template":"","meta":[],"translation":{"provider":"WPGlobus","version":"2.10.4","language":"ru","enabled_languages":["lt","ru","en"],"languages":{"lt":{"title":true,"content":true,"excerpt":false},"ru":{"title":true,"content":true,"excerpt":false},"en":{"title":true,"content":true,"excerpt":false}}},"_links":{"self":[{"href":"https:\/\/imone.jupoja.lt\/ru\/wp-json\/wp\/v2\/pages\/1023"}],"collection":[{"href":"https:\/\/imone.jupoja.lt\/ru\/wp-json\/wp\/v2\/pages"}],"about":[{"href":"https:\/\/imone.jupoja.lt\/ru\/wp-json\/wp\/v2\/types\/page"}],"author":[{"embeddable":true,"href":"https:\/\/imone.jupoja.lt\/ru\/wp-json\/wp\/v2\/users\/1"}],"replies":[{"embeddable":true,"href":"https:\/\/imone.jupoja.lt\/ru\/wp-json\/wp\/v2\/comments?post=1023"}],"version-history":[{"count":219,"href":"https:\/\/imone.jupoja.lt\/ru\/wp-json\/wp\/v2\/pages\/1023\/revisions"}],"predecessor-version":[{"id":4179,"href":"https:\/\/imone.jupoja.lt\/ru\/wp-json\/wp\/v2\/pages\/1023\/revisions\/4179"}],"wp:attachment":[{"href":"https:\/\/imone.jupoja.lt\/ru\/wp-json\/wp\/v2\/media?parent=1023"}],"curies":[{"name":"wp","href":"https:\/\/api.w.org\/{rel}","templated":true}]}}