{"id":1038,"date":"2017-09-17T20:33:27","date_gmt":"2017-09-17T20:33:27","guid":{"rendered":"http:\/\/minmon.lt\/?page_id=1038"},"modified":"2017-12-07T21:31:05","modified_gmt":"2017-12-07T18:31:05","slug":"darbo-skelbimai","status":"publish","type":"page","link":"https:\/\/imone.jupoja.lt\/ru\/darbo-skelbimai\/","title":{"rendered":"Si\u016blome darb\u0105"},"content":{"rendered":"<p>[vc_row][vc_column][vc_custom_heading text=&#8221;Prisijunk prie m\u016bs\u0173 komandos!&#8221; font_container=&#8221;tag:h2|text_align:justify|color:%23ffb600&#8243; use_theme_fonts=&#8221;yes&#8221;][vc_column_text]<strong>[jobpost]<\/strong>[\/vc_column_text][\/vc_column][\/vc_row]<\/p>\n","protected":false},"excerpt":{"rendered":"<p>[vc_row][vc_column][vc_custom_heading text=&#8221;Prisijunk prie m\u016bs\u0173 komandos!&#8221; font_container=&#8221;tag:h2|text_align:justify|color:%23ffb600&#8243; use_theme_fonts=&#8221;yes&#8221;][vc_column_text][jobpost][\/vc_column_text][\/vc_column][\/vc_row]<\/p>\n","protected":false},"author":1,"featured_media":0,"parent":0,"menu_order":0,"comment_status":"closed","ping_status":"open","template":"","meta":[],"translation":{"provider":"WPGlobus","version":"2.10.4","language":"ru","enabled_languages":["lt","ru","en"],"languages":{"lt":{"title":true,"content":true,"excerpt":false},"ru":{"title":false,"content":false,"excerpt":false},"en":{"title":false,"content":false,"excerpt":false}}},"_links":{"self":[{"href":"https:\/\/imone.jupoja.lt\/ru\/wp-json\/wp\/v2\/pages\/1038"}],"collection":[{"href":"https:\/\/imone.jupoja.lt\/ru\/wp-json\/wp\/v2\/pages"}],"about":[{"href":"https:\/\/imone.jupoja.lt\/ru\/wp-json\/wp\/v2\/types\/page"}],"author":[{"embeddable":true,"href":"https:\/\/imone.jupoja.lt\/ru\/wp-json\/wp\/v2\/users\/1"}],"replies":[{"embeddable":true,"href":"https:\/\/imone.jupoja.lt\/ru\/wp-json\/wp\/v2\/comments?post=1038"}],"version-history":[{"count":16,"href":"https:\/\/imone.jupoja.lt\/ru\/wp-json\/wp\/v2\/pages\/1038\/revisions"}],"predecessor-version":[{"id":2677,"href":"https:\/\/imone.jupoja.lt\/ru\/wp-json\/wp\/v2\/pages\/1038\/revisions\/2677"}],"wp:attachment":[{"href":"https:\/\/imone.jupoja.lt\/ru\/wp-json\/wp\/v2\/media?parent=1038"}],"curies":[{"name":"wp","href":"https:\/\/api.w.org\/{rel}","templated":true}]}}