{"id":115,"date":"2015-07-18T09:24:26","date_gmt":"2015-07-18T06:24:26","guid":{"rendered":"http:\/\/minmon.lt\/?page_id=115"},"modified":"2025-09-04T07:56:06","modified_gmt":"2025-09-04T04:56:06","slug":"apie-imone","status":"publish","type":"page","link":"https:\/\/imone.jupoja.lt\/ru\/apie-imone\/","title":{"rendered":"\u041e \u043f\u0440\u0435\u0434\u043f\u0440\u0438\u044f\u0442\u0438\u0438"},"content":{"rendered":"<p>[vc_row][vc_column][vc_column_text]__[\/vc_column_text][\/vc_column][\/vc_row][vc_row layout=&#8221;boxed&#8221; parallax_style=&#8221;none&#8221; parallax_scroll_effect=&#8221;fixed&#8221; el_class=&#8221;margin-bottom-100&#8243;][vc_column width=&#8221;1\/2&#8243;][vc_row_inner parallax_style=&#8221;none&#8221; video_link=&#8221;&#8221; parallax_scroll_effect=&#8221;fixed&#8221;][vc_column_inner width=&#8221;1\/2&#8243;][vc_single_image image=&#8221;574&#8243; img_size=&#8221;full&#8221; alignment=&#8221;center&#8221; el_class=&#8221;darna-single-image-style xs-margin-bottom-15&#8243;][\/vc_column_inner][vc_column_inner width=&#8221;1\/2&#8243;][vc_single_image image=&#8221;575&#8243; img_size=&#8221;full&#8221; alignment=&#8221;center&#8221; el_class=&#8221;darna-single-image-style&#8221; css=&#8221;.vc_custom_1437821561191{margin-bottom: 18px !important;}&#8221;][vc_single_image image=&#8221;576&#8243; img_size=&#8221;full&#8221; alignment=&#8221;center&#8221; el_class=&#8221;darna-single-image-style xs-margin-bottom-15&#8243;][\/vc_column_inner][\/vc_row_inner][\/vc_column][vc_column width=&#8221;1\/2&#8243;]\t\t\t<div\n\t\t\t\tclass=\"darna-icon-box style3 \" >\n\t\t\t\t<a class=\"ibox-icon\" title=\"\"\n\t\t\t\t   target=\"_self\" href=\"#\">\n\t\t\t\t\t\t\t\t\t\t\t<i class=\"fa fa-suitcase\"><\/i>\n\t\t\t\t\t\t\t\t\t<\/a>\n\t\t\t\t\t\t\t\t\t<h3><a title=\"\" target=\"_self\"\n\t\t\t\t\t       href=\"#\">\u041e \u043f\u0440\u0435\u0434\u043f\u0440\u0438\u044f\u0442\u0438\u0438<\/a><\/h3>\n\t\t\t\t\t\t\t\t\t<p>\u0417\u0410\u041e \u201eJupojos statybini\u0173 med\u017eiagos\u201c \u0432\u0435\u0434\u0451\u0442 \u0441\u0432\u043e\u044e \u0438\u0441\u0442\u043e\u0440\u0438\u044e \u0441 1998 \u0433\u043e\u0434\u0430. \u0412 \u0442\u043e\u0442 \u043f\u0435\u0440\u0438\u043e\u0434<br \/>\n\u043f\u0440\u0435\u0434\u043f\u0440\u0438\u044f\u0442\u0438\u0435 \u043d\u0430\u0437\u044b\u0432\u0430\u043b\u043e\u0441\u044c \u201e\u0160iauli\u0173 \u017eem\u0117s \u016bkio technikos statybin\u0117s med\u017eiagos\u201c. \u0423\u0441\u043f\u0435\u0448\u043d\u043e<br \/>\n\u0440\u0430\u0431\u043e\u0442\u0430\u044e\u0449\u0435\u0435 \u0434\u0432\u0430\u0434\u0446\u0430\u0442\u044c \u043b\u0435\u0442 \u043f\u0440\u0435\u0434\u043f\u0440\u0438\u044f\u0442\u0438\u0435 \u0440\u0430\u0431\u043e\u0442\u0430\u0435\u0442 \u043d\u0430 \u0442\u043e\u043c \u043c\u0435\u0441\u0442\u0435, \u0433\u0434\u0435 \u043d\u0430\u0445\u043e\u0434\u0438\u043b\u0438\u0441\u044c \u043e\u043f\u0442\u043e\u0432\u044b\u0435<br \/>\n\u0441\u043a\u043b\u0430\u0434\u044b \u201eLiet\u016bkis\u201c, \u043a\u043e\u0442\u043e\u0440\u044b\u0435 \u0437\u0430\u043f\u0435\u0447\u0430\u0442\u043b\u0435\u043d\u044b \u043d\u0430 \u0444\u043e\u0442\u043e\u0433\u0440\u0430\u0444\u0438\u0438 1922 \u0433\u043e\u0434\u0430.<br \/>\n\u041f\u043e\u0441\u043b\u0435 \u0432\u043e\u0439\u043d\u044b \u201eLiet\u016bkis\u201c \u0431\u044b\u043b \u0440\u0435\u043e\u0440\u0433\u0430\u043d\u0438\u0437\u043e\u0432\u0430\u043d \u0432 \u0411\u0430\u0437\u0443 \u0441\u0435\u043b\u044c\u0445\u043e\u0437\u0441\u043d\u0430\u0431\u0436\u0435\u043d\u0438\u044f, \u0430 \u0432 1961 \u0433\u043e\u0434\u0443 \u0442\u0430\u043c<br \/>\n\u0440\u0430\u0437\u043c\u0435\u0441\u0442\u0438\u043b\u0430\u0441\u044c \u0428\u044f\u0443\u043b\u044f\u0439\u0441\u043a\u0430\u044f \u043c\u0435\u0436\u0440\u0430\u0439\u043e\u043d\u043d\u0430\u044f \u0431\u0430\u0437\u0430 \u0441\u0435\u043b\u044c\u0445\u043e\u0437\u0442\u0435\u0445\u043d\u0438\u043a\u0438 \u041b\u0438\u0442\u0432\u044b.<br \/>\n\u2022 \u0412 2004 \u0433\u043e\u0434\u0443 \u043f\u0440\u0435\u0434\u043f\u0440\u0438\u044f\u0442\u0438\u0435 \u0438\u0437\u043c\u0435\u043d\u0438\u043b\u043e \u043d\u0430\u0438\u043c\u0435\u043d\u043e\u0432\u0430\u043d\u0438\u0435 \u0438 \u043f\u043e \u0441\u0435\u0439 \u0434\u0435\u043d\u044c \u043d\u0430\u0437\u044b\u0432\u0430\u0435\u0442\u0441\u044f \u201eJupojos<br \/>\nstatybin\u0117s med\u017eiagos\u201c, \u0442\u043e\u0440\u0433\u043e\u0432\u0430\u044f \u043f\u043b\u043e\u0449\u0430\u0434\u044c \u043a\u043e\u0442\u043e\u0440\u043e\u0433\u043e \u043f\u0440\u0435\u0432\u044b\u0448\u0430\u0435\u0442 10 000 \u043a\u0432\u0430\u0434\u0440\u0430\u0442\u043d\u044b\u0445 \u043c\u0435\u0442\u0440\u043e\u0432.<br \/>\n\u2022 \u0412 2009 \u0433\u043e\u0434\u0443 \u043e\u0442\u043a\u0440\u044b\u0442\u044b \u0444\u0438\u043b\u0438\u0430\u043b\u044b \u0432 \u041f\u0430\u043a\u0440\u0443\u043e\u0439\u0438\u0441\u0435 \u043f\u043e \u0443\u043b. \u0412\u0438\u043b\u044c\u043d\u044f\u0443\u0441 18 (\u0442\u043e\u0440\u0433\u043e\u0432\u0430\u044f \u043f\u043b\u043e\u0449\u0430\u0434\u044c<br \/>\n\u043f\u0440\u0435\u0432\u044b\u0448\u0430\u0435\u0442 650 \u043a\u0432\u0430\u0434\u0440\u0430\u0442\u043d\u044b\u0445 \u043c\u0435\u0442\u0440\u043e\u0432) \u0438 \u0419\u043e\u043d\u0438\u0448\u043a\u0438\u0441\u0435 \u043f\u043e \u0443\u043b. \u0422\u0443\u0440\u0433\u0430\u0443\u0441 10 (\u0442\u043e\u0440\u0433\u043e\u0432\u0430\u044f \u043f\u043b\u043e\u0449\u0430\u0434\u044c<br \/>\n\u043f\u0440\u0435\u0432\u044b\u0448\u0430\u0435\u0442 1500 \u043a\u0432\u0430\u0434\u0440\u0430\u0442\u043d\u044b\u0445 \u043c\u0435\u0442\u0440\u043e\u0432).<br \/>\n\u2022 \u0412 2010 \u0433\u043e\u0434\u0443 \u043e\u0442\u043a\u0440\u044b\u0442 \u0444\u0438\u043b\u0438\u0430\u043b \u0432 \u041a\u0443\u0440\u0448\u0435\u043d\u0430\u0439 \u043f\u043e \u0443\u043b. \u0412\u044f\u043d\u0442\u043e\u0441 154\u0431 (\u0442\u043e\u0440\u0433\u043e\u0432\u0430\u044f \u043f\u043b\u043e\u0449\u0430\u0434\u044c \u043f\u0440\u0435\u0432\u044b\u0448\u0430\u0435\u0442<br \/>\n1300 \u043a\u0432\u0430\u0434\u0440\u0430\u0442\u043d\u044b\u0445 \u043c\u0435\u0442\u0440\u043e\u0432).<br \/>\n\u2022 \u0412 2011 \u0433\u043e\u0434\u0443 \u043e\u0442\u043a\u0440\u044b\u0442 \u0444\u0438\u043b\u0438\u0430\u043b \u0432 \u041a\u044f\u043b\u044c\u043c\u0435 \u043f\u043e \u0443\u043b. \u0420\u0430\u0441\u0435\u0439\u043d\u044e 17 (\u0442\u043e\u0440\u0433\u043e\u0432\u0430\u044f \u043f\u043b\u043e\u0449\u0430\u0434\u044c \u043f\u0440\u0435\u0432\u044b\u0448\u0430\u0435\u0442 1400<br \/>\n\u043a\u0432\u0430\u0434\u0440\u0430\u0442\u043d\u044b\u0445 \u043c\u0435\u0442\u0440\u043e\u0432).<br \/>\n\u2022 \u0412 2016 \u0433\u043e\u0434\u0443 \u043e\u0442\u043a\u0440\u044b\u0442 \u0444\u0438\u043b\u0438\u0430\u043b \u0432 \u041d\u0430\u0443\u0439\u043e\u0439\u0438 \u0410\u043a\u043c\u044f\u043d\u0435 \u043f\u043e \u0443\u043b. \u0412. \u041a\u0443\u0434\u0438\u0440\u043a\u043e\u0441 26 (\u0442\u043e\u0440\u0433\u043e\u0432\u044b\u0435 \u043f\u043b\u043e\u0449\u0430\u0434\u0438<br \/>\n\u043f\u0440\u0435\u0432\u044b\u0448\u0430\u044e\u0442 1500 \u043a\u0432\u0430\u0434\u0440\u0430\u0442\u043d\u044b\u0445 \u043c\u0435\u0442\u0440\u043e\u0432).<br \/>\n\u2022 \u0412 2014 \u0433\u043e\u0434\u0443 \u0441\u043e\u0437\u0434\u0430\u043d\u043e \u0441\u043e\u0432\u043c\u0435\u0441\u0442\u043d\u043e\u0435 \u0441 \u0431\u0438\u0437\u043d\u0435\u0441-\u043f\u0430\u0440\u0442\u043d\u0451\u0440\u0430\u043c\u0438 \u0438\u0437 \u041d\u043e\u0440\u0432\u0435\u0433\u0438\u0438 \u043f\u0440\u0435\u0434\u043f\u0440\u0438\u044f\u0442\u0438\u0435, \u0432 2015 \u0433\u043e\u0434\u0443<br \/>\n\u0440\u044f\u0434\u043e\u043c \u0441 \u041e\u0441\u043b\u043e \u043e\u0442\u043a\u0440\u044b\u0442 \u0441\u043a\u043b\u0430\u0434 \u201eJupojos statybini\u0173 med\u017eiagos\u201c \u0438 \u0442\u043e\u0440\u0433\u043e\u0432\u043e\u0439 \u043c\u0430\u0440\u043a\u0438 PROBUILDER<br \/>\n\u043f\u043b\u043e\u0449\u0430\u0434\u044c\u044e \u0432 600 \u043a\u0432\u0430\u0434\u0440\u0430\u0442\u043d\u044b\u0445 \u043c\u0435\u0442\u0440\u043e\u0432.<br \/>\n\u2022 \u0412 2006 \u0433\u043e\u0434\u0443 \u0441\u043e\u0437\u0434\u0430\u043d\u0430 \u043a\u043e\u043e\u043f\u0435\u0440\u0430\u0442\u0438\u0432\u043d\u0430\u044f \u0437\u0430\u043a\u0443\u043f\u043e\u0447\u043d\u0430\u044f \u043a\u043e\u043c\u043f\u0430\u043d\u0438\u044f \u201eJungtinis tiekimas\u201c. \u0423\u0447\u0440\u0435\u0434\u0438\u0442\u0435\u043b\u044c<br \/>\n\u043f\u0440\u0435\u0434\u043f\u0440\u0438\u044f\u0442\u0438\u044f \u2013 8 \u0440\u0430\u0431\u043e\u0442\u0430\u044e\u0449\u0438\u0445 \u0432 \u041b\u0438\u0442\u0432\u0435 \u043a\u043e\u043c\u043f\u0430\u043d\u0438\u0439, \u0442\u043e\u0440\u0433\u0443\u044e\u0449\u0438\u0445 \u0441\u0442\u0440\u043e\u0439\u043c\u0430\u0442\u0435\u0440\u0438\u0430\u043b\u0430\u043c\u0438.<br \/>\n\u2022 \u0412 2009 \u0433\u043e\u0434\u0443 \u0417\u0410\u041e \u201eJungtinis tiekimas\u201c \u0441\u0442\u0430\u043b\u043e \u0430\u043a\u0446\u0438\u043e\u043d\u0435\u0440\u043e\u043c \u0435\u0432\u0440\u043e\u043f\u0435\u0439\u0441\u043a\u043e\u0439 \u043e\u0440\u0433\u0430\u043d\u0438\u0437\u0430\u0446\u0438\u0438<br \/>\nEUROMAT, \u043e\u0431\u044a\u0435\u0434\u0438\u043d\u044f\u044e\u0449\u0435\u0439 \u043f\u0440\u0435\u0434\u043f\u0440\u0438\u044f\u0442\u0438\u044f \u0415\u0432\u0440\u043e\u043f\u044b. \u041d\u0430 \u043d\u0430\u0441\u0442\u043e\u044f\u0449\u0438\u0439 \u043c\u043e\u043c\u0435\u043d\u0442 \u0432 \u201eJungtinis<br \/>\ntiekimas\u201c \u0432\u0445\u043e\u0434\u044f\u0442 14 \u043a\u043e\u043c\u043f\u0430\u043d\u0438\u0439, \u0438\u043c\u0435\u044e\u0449\u0438\u0445 41 \u043c\u0430\u0433\u0430\u0437\u0438\u043d \u0432 22 \u0433\u043e\u0440\u043e\u0434\u0430\u0445 \u0441\u0442\u0440\u0430\u043d\u044b.<br \/>\n\u2022 \u0412 2017 \u0433\u043e\u0434\u0443 \u0432 \u0417\u0410\u041e \u201eJupojos statybin\u0117s med\u017eiagos\u201c \u0432 \u0441\u0440\u0435\u0434\u043d\u0435\u043c \u0440\u0430\u0431\u043e\u0442\u0430\u043b\u043e \u043e\u043a\u043e\u043b\u043e 160 \u0447\u0435\u043b\u043e\u0432\u0435\u043a.<br \/>\n\u041c\u044b \u043c\u043e\u0436\u0435\u043c \u043f\u0440\u0435\u0434\u043b\u043e\u0436\u0438\u0442\u044c \u0441\u0432\u043e\u0438\u043c \u043a\u043b\u0438\u0435\u043d\u0442\u0430\u043c \u0430\u0441\u0441\u043e\u0440\u0442\u0438\u043c\u0435\u043d\u0442 \u0442\u043e\u0432\u0430\u0440\u043e\u0432 \u0441\u0432\u044b\u0448\u0435 45 000 \u043d\u0430\u0438\u043c\u0435\u043d\u043e\u0432\u0430\u043d\u0438\u0439.<\/p>\n\t\t\t\t\t\t\t<\/div>\n\t\t\t[vc_row_inner parallax_style=&#8221;none&#8221; parallax_scroll_effect=&#8221;fixed&#8221; el_class=&#8221;darna-list-style&#8221; css=&#8221;.vc_custom_1437821641282{margin-top: 9px !important;margin-bottom: 38px !important;}&#8221;][vc_column_inner width=&#8221;1\/2&#8243;][vc_column_text][\/vc_column_text][\/vc_column_inner][vc_column_inner width=&#8221;1\/2&#8243;][vc_column_text][\/vc_column_text][\/vc_column_inner][\/vc_row_inner]\t\t\t\t\t\t<a class=\"darna-button size-sm style1 icon-left  margin-right-7 xs-margin-bottom-15\"\n\t\t\t   href=\"\/partneryste-bendradarbiavimas\/\"\n\t\t\t   title=\"\u0411\u042b\u0422\u042c \u041f\u0410\u0420\u0422\u041d\u0415\u0420\u041e\u041c\"\n\t\t\t   target=\"_self\"\n\t\t\t\t>\n\t\t\t\t\u0411\u042b\u0422\u042c \u041f\u0410\u0420\u0422\u041d\u0415\u0420\u041e\u041c\t\t\t<\/a>\n\t\t\t\t\t\t\t\t\t\t\t<a class=\"darna-button size-sm style4 icon-left  xs-margin-bottom-15\"\n\t\t\t   href=\"\/stipriausi-lietuvoje\/\"\n\t\t\t   title=\"\u041d\u0410\u0428\u0418 \u041d\u0410\u0413\u0420\u0410\u0414\u042b\"\n\t\t\t   target=\"_self\"\n\t\t\t\t>\n\t\t\t\t\u041d\u0410\u0428\u0418 \u041d\u0410\u0413\u0420\u0410\u0414\u042b\t\t\t<\/a>\n\t\t\t\t\t[\/vc_column][\/vc_row][vc_row parallax_style=&#8221;none&#8221; parallax_scroll_effect=&#8221;fixed&#8221; css=&#8221;.vc_custom_1513688697284{background-image: url(http:\/\/jupoja.lt\/wp-content\/uploads\/2017\/12\/ka_apie_jupoja_kalba_kiti_statybines_medziagos.jpg?id=2821) !important;background-position: center !important;background-repeat: no-repeat !important;background-size: cover !important;}&#8221;][vc_column offset=&#8221;vc_hidden-lg vc_hidden-md vc_hidden-sm vc_hidden-xs&#8221;]\t\t\t<div\n\t\t\t\tclass=\"darna-heading style2 margin-bottom-40 margin-top-100\" >\n\t\t\t\t\t\t\t\t\t<h2>K\u0104 APIE MUS KALBA KITI?<\/h2>\n\t\t\t\t\t\t\t\t\t\t\t<\/div>\n\t\t\t\t\t\t<div data-plugin-options='{&quot;navigation&quot;:true,&quot;pagination&quot;:false,&quot;singleItem&quot;:true,&quot;transitionStyle&quot;:&quot;fade&quot;,&quot;stopOnHover&quot;:true,&quot;autoHeight&quot;:true,&quot;autoPlay&quot;:true}'\n\t\t\t     class=\"darna-testimonial style1 owl-carousel  margin-bottom-100 wpb_animate_when_almost_visible g5plus-css-animation wpb_pulse\" >\n\t\t\t\t\t\t\t<div class=\"darna-testimonial-item\">\n\t\t\t\t<p>Kaip \u017einoma, pernai \u201eMaxima Latvija\u201c pasiek\u0117 susitarimus su ma\u017eiausiai 49 Zolitud\u0117s tragedijos auk\u0173 \u0161eimomis d\u0117l 100 t\u016bkst. eur\u0173 kompensacij\u0173, ir daugumos auk\u0173 artimieji pri\u0117m\u0117 pasi\u016blym\u0105.<\/p>\n\t\t\t\t\t\t\t\t\t<h6>Mindaugas Monstavi\u010dius<\/h6>\n\t\t\t\t\t\t\t\t\t<span>UAB STATYB\u0172 ROJUS<\/span>\n\t\t\t\t\t\t\t<\/div>\n\t\t\t\t\t\t<div class=\"darna-testimonial-item\">\n\t\t\t\t<p>\u201eMaxima\u201c prekybos centro gri\u016btis Zolitud\u0117je buvo precedento neturinti tragedija Latvijoje, ir niekas, \u012fskaitant ir \u201eMaxima Latvija\u201c, netur\u0117jo patirties susidorojant su tokiais atvejais\u201c, \u2013 sak\u0117 \u201eMaxima Latvija\u201c vadovas Andris Vilcmeieris.<\/p>\n\t\t\t\t\t\t\t\t\t<h6>ANDRIUS BELOB\u017dESKAS<\/h6>\n\t\t\t\t\t\t\t\t\t<span>SAINT GOBAIN<\/span>\n\t\t\t\t\t\t\t<\/div>\n\t\t\t\t\t\t<div class=\"darna-testimonial-item\">\n\t\t\t\t<p>\u201eMaxima\u201c prekybos centro gri\u016btis Zolitud\u0117je buvo precedento neturinti tragedija Latvijoje, ir niekas, \u012fskaitant ir \u201eMaxima Latvija\u201c, netur\u0117jo patirties susidorojant su tokiais atvejais\u201c, \u2013 sak\u0117 \u201eMaxima Latvija\u201c vadovas Andris Vilcmeieris.<\/p>\n\t\t\t\t\t\t\t\t\t<h6>\u017dYDR\u016aNAS LAUBERGIS<\/h6>\n\t\t\t\t\t\t\t\t\t<span>``PLAUNU PATS`` direktorius<\/span>\n\t\t\t\t\t\t\t<\/div>\n\t\t\t\t\t\t<\/div>\n\t\t\t[\/vc_column][\/vc_row][vc_row parallax_style=&#8221;none&#8221; parallax_scroll_effect=&#8221;fixed&#8221; css=&#8221;.vc_custom_1514374866084{background-image: url(http:\/\/jupoja.lt\/wp-content\/uploads\/2015\/07\/bg.jpg?id=624) !important;background-position: 0 0 !important;background-repeat: repeat !important;}&#8221; el_class=&#8221;margin-bottom-100&#8243;][vc_column css=&#8221;.vc_custom_1514375036303{margin-left: 115px !important;}&#8221;][vc_row_inner layout=&#8221;container-fluid&#8221; parallax_style=&#8221;none&#8221; parallax_scroll_effect=&#8221;fixed&#8221;][vc_column_inner width=&#8221;1\/3&#8243;]\t\t\t<div class=\"darna-counter \">\n\t\t\t\t\t\t\t\t\t<span class=\"display-percentage\" style=\"color: \"\n\t\t\t\t\t\t  data-percentage=\"1500\">1500<\/span>\n\t\t\t\t\t\t\t\t\t\t\t<p class=\"counter-title\" style=\"color: \">\u041a\u041e\u041b\u0418\u0427\u0415\u0421\u0422\u0412\u041e \u041d\u0410\u0428\u0418\u0425 \u041f\u0410\u0420\u0422\u041d\u0415\u0420\u041e\u0412<\/p>\n\t\t\t\t\t\t\t\t<\/div>\n\t\t\t[\/vc_column_inner][vc_column_inner el_class=&#8221;col-md-3 col-sm-6 col-xs-12&#8243; width=&#8221;1\/3&#8243;]\t\t\t<div class=\"darna-counter \">\n\t\t\t\t\t\t\t\t\t<span class=\"display-percentage\" style=\"color: \"\n\t\t\t\t\t\t  data-percentage=\"15000000\">15000000<\/span>\n\t\t\t\t\t\t\t\t\t\t\t<p class=\"counter-title\" style=\"color: \">\u0413\u041e\u0414\u041e\u0412\u041e\u0419 \u0414\u041e\u0425\u041e\u0414<\/p>\n\t\t\t\t\t\t\t\t<\/div>\n\t\t\t[\/vc_column_inner][vc_column_inner el_class=&#8221;col-md-3 col-sm-6 col-xs-12&#8243; width=&#8221;1\/3&#8243;]\t\t\t<div class=\"darna-counter \">\n\t\t\t\t\t\t\t\t\t<span class=\"display-percentage\" style=\"color: \"\n\t\t\t\t\t\t  data-percentage=\"158\">158<\/span>\n\t\t\t\t\t\t\t\t\t\t\t<p class=\"counter-title\" style=\"color: \">\u0420\u0410\u0411\u041e\u0427\u0418\u0415 \u041c\u0415\u0421\u0422\u0410<\/p>\n\t\t\t\t\t\t\t\t<\/div>\n\t\t\t[\/vc_column_inner][\/vc_row_inner][\/vc_column][\/vc_row][vc_row parallax_style=&#8221;none&#8221; parallax_scroll_effect=&#8221;fixed&#8221; css=&#8221;.vc_custom_1437797244022{background-color: #f8f8f8 !important;}&#8221;][vc_column][\/vc_column][\/vc_row]<\/p>\n","protected":false},"excerpt":{"rendered":"<p>[vc_row][vc_column][vc_column_text]__[\/vc_column_text][\/vc_column][\/vc_row][vc_row layout=&#8221;boxed&#8221; parallax_style=&#8221;none&#8221; parallax_scroll_effect=&#8221;fixed&#8221; el_class=&#8221;margin-bottom-100&#8243;][vc_column width=&#8221;1\/2&#8243;][vc_row_inner parallax_style=&#8221;none&#8221; video_link=&#8221;&#8221; parallax_scroll_effect=&#8221;fixed&#8221;][vc_column_inner width=&#8221;1\/2&#8243;][vc_single_image image=&#8221;574&#8243; img_size=&#8221;full&#8221; alignment=&#8221;center&#8221; el_class=&#8221;darna-single-image-style xs-margin-bottom-15&#8243;][\/vc_column_inner][vc_column_inner width=&#8221;1\/2&#8243;][vc_single_image image=&#8221;575&#8243; img_size=&#8221;full&#8221; alignment=&#8221;center&#8221; el_class=&#8221;darna-single-image-style&#8221; css=&#8221;.vc_custom_1437821561191{margin-bottom: 18px !important;}&#8221;][vc_single_image image=&#8221;576&#8243; img_size=&#8221;full&#8221; alignment=&#8221;center&#8221; el_class=&#8221;darna-single-image-style xs-margin-bottom-15&#8243;][\/vc_column_inner][\/vc_row_inner][\/vc_column][vc_column width=&#8221;1\/2&#8243;][vc_row_inner parallax_style=&#8221;none&#8221; parallax_scroll_effect=&#8221;fixed&#8221; el_class=&#8221;darna-list-style&#8221; css=&#8221;.vc_custom_1437821641282{margin-top: 9px !important;margin-bottom: 38px !important;}&#8221;][vc_column_inner width=&#8221;1\/2&#8243;][vc_column_text][\/vc_column_text][\/vc_column_inner][vc_column_inner width=&#8221;1\/2&#8243;][vc_column_text][\/vc_column_text][\/vc_column_inner][\/vc_row_inner][\/vc_column][\/vc_row][vc_row parallax_style=&#8221;none&#8221; parallax_scroll_effect=&#8221;fixed&#8221; css=&#8221;.vc_custom_1513688697284{background-image: url(http:\/\/jupoja.lt\/wp-content\/uploads\/2017\/12\/ka_apie_jupoja_kalba_kiti_statybines_medziagos.jpg?id=2821) !important;background-position: center !important;background-repeat: no-repeat !important;background-size: cover !important;}&#8221;][vc_column offset=&#8221;vc_hidden-lg vc_hidden-md vc_hidden-sm vc_hidden-xs&#8221;][\/vc_column][\/vc_row][vc_row parallax_style=&#8221;none&#8221; [&hellip;]<\/p>\n","protected":false},"author":1,"featured_media":0,"parent":0,"menu_order":0,"comment_status":"closed","ping_status":"closed","template":"","meta":[],"translation":{"provider":"WPGlobus","version":"2.10.4","language":"ru","enabled_languages":["lt","ru","en"],"languages":{"lt":{"title":true,"content":true,"excerpt":false},"ru":{"title":true,"content":true,"excerpt":false},"en":{"title":true,"content":true,"excerpt":false}}},"_links":{"self":[{"href":"https:\/\/imone.jupoja.lt\/ru\/wp-json\/wp\/v2\/pages\/115"}],"collection":[{"href":"https:\/\/imone.jupoja.lt\/ru\/wp-json\/wp\/v2\/pages"}],"about":[{"href":"https:\/\/imone.jupoja.lt\/ru\/wp-json\/wp\/v2\/types\/page"}],"author":[{"embeddable":true,"href":"https:\/\/imone.jupoja.lt\/ru\/wp-json\/wp\/v2\/users\/1"}],"replies":[{"embeddable":true,"href":"https:\/\/imone.jupoja.lt\/ru\/wp-json\/wp\/v2\/comments?post=115"}],"version-history":[{"count":241,"href":"https:\/\/imone.jupoja.lt\/ru\/wp-json\/wp\/v2\/pages\/115\/revisions"}],"predecessor-version":[{"id":14319,"href":"https:\/\/imone.jupoja.lt\/ru\/wp-json\/wp\/v2\/pages\/115\/revisions\/14319"}],"wp:attachment":[{"href":"https:\/\/imone.jupoja.lt\/ru\/wp-json\/wp\/v2\/media?parent=115"}],"curies":[{"name":"wp","href":"https:\/\/api.w.org\/{rel}","templated":true}]}}