{"id":2133,"date":"2017-11-27T14:50:47","date_gmt":"2017-11-27T11:50:47","guid":{"rendered":"http:\/\/minmon.lt\/darbo-pasiulymai\/"},"modified":"2023-04-13T13:51:12","modified_gmt":"2023-04-13T10:51:12","slug":"darbo-pasiulymai","status":"publish","type":"page","link":"https:\/\/imone.jupoja.lt\/ru\/darbo-pasiulymai\/","title":{"rendered":"Darbo pasi\u016blymai"},"content":{"rendered":"<p>[vc_row][vc_column][vc_tta_tour shape=&#8221;square&#8221; active_section=&#8221;6&#8243; no_fill_content_area=&#8221;true&#8221;][vc_tta_section title=&#8221;\u0160iauliai&#8221; tab_id=&#8221;1681293077709-dd993f6b-5329&#8243;][vc_row_inner][vc_column_inner][vc_message message_box_style=&#8221;3d&#8221; message_box_color=&#8221;alert-success&#8221; icon_fontawesome=&#8221;fa fa-handshake-o&#8221;]<\/p>\n<h3><span style=\"font-family: arial, helvetica, sans-serif;\">UAB &#8220;Jupojos statybin\u0117s med\u017eiagos&#8221; ie\u0161ko pardav\u0117jo (-jos)<\/span><\/h3>\n<h3><span style=\"font-family: arial, helvetica, sans-serif;\">Darbo pob\u016bdis<\/span><\/h3>\n<ul>\n<li><span style=\"font-family: arial, helvetica, sans-serif;\">Statybini\u0173 med\u017eiag\u0173 (\u0161iltinimo vatos, polistireno, \u012fv. plok\u0161\u010di\u0173, mi\u0161ini\u0173, metalo gamini\u0173 ir pan.) pardavimas;<\/span><\/li>\n<li><span style=\"font-family: arial, helvetica, sans-serif;\">Mandagus ir paslaugus pirk\u0117j\u0173 aptarnavimas ir konsultavimas;<\/span><\/li>\n<li><span style=\"font-family: arial, helvetica, sans-serif;\">Preki\u0173 prisi\u0117mimas ir tvarkymas;<\/span><\/li>\n<li><span style=\"font-family: arial, helvetica, sans-serif;\">Preki\u0173 pakrovimas ir i\u0161krovimas rankomis bei autokrautuvu.<\/span><\/li>\n<\/ul>\n<h3><span style=\"font-family: arial, helvetica, sans-serif;\">Reikalavimai:<\/span><\/h3>\n<ul>\n<li><span style=\"font-family: arial, helvetica, sans-serif;\">Vairuotojo pa\u017eym\u0117jimas B kategorijos;<\/span><\/li>\n<li><span style=\"font-family: arial, helvetica, sans-serif;\">Fizin\u0117 i\u0161tverm\u0117, atidumas, s\u0105\u017einingumas;<\/span><\/li>\n<li><span style=\"font-family: arial, helvetica, sans-serif;\">Pana\u0161aus darbo patirtis bei \u017einios apie statybines med\u017eiagas b\u016bt\u0173 privalumas.<\/span><\/li>\n<\/ul>\n<h3><span style=\"font-family: arial, helvetica, sans-serif;\">Mes si\u016blome:<\/span><\/h3>\n<ul>\n<li><span style=\"font-family: arial, helvetica, sans-serif;\">Darb\u0105 stabilioje ir socialiai atsakingoje kompanijoje;<\/span><\/li>\n<li><span style=\"font-family: arial, helvetica, sans-serif;\">Laiku mokam\u0105 konkurencing\u0105 atlyginim\u0105 bei priedus u\u017e s\u0117kmingus pardavim\u0173 rezultatus ir darbo vir\u0161valand\u017eius;<\/span><\/li>\n<li><span style=\"font-family: arial, helvetica, sans-serif;\">Lankst\u0173 darbo grafik\u0105, sudarom\u0105 ketvir\u010diais;<\/span><\/li>\n<li><span style=\"font-family: arial, helvetica, sans-serif;\">Darbo r\u016bbus ir priemones u\u017eimamoms pareigoms atlikti;<\/span><\/li>\n<\/ul>\n<p><span style=\"font-family: arial, helvetica, sans-serif;\"><strong>Gerov\u0117s paket\u0105:<\/strong> sisteminiai ir individual\u016bs mokymai, nuolaid\u0173 kortel\u0117s darbuotojams, dovanos \u0161ven\u010di\u0173 proga ir kt.;<\/span><br \/>\n<strong><span style=\"font-family: arial, helvetica, sans-serif;\">Visas s\u0105lygas profesionaliai tobul\u0117ti bei karjer\u0105 ambicingiems darbuotojams.<\/span><\/strong><\/p>\n<p><span style=\"font-family: arial, helvetica, sans-serif;\">Jei jums patinka dirbti su \u017emon\u0117mis ir norite prisijungti prie dinami\u0161kos ir perspektyvios komandos, tai mes laukiame tavo CV <a href=\"mailto:karjera@jupoja.lt\">karjera@jupoja.lt<\/a> arba u\u017esuk \u012f \u201eJupojos statybini\u0173 med\u017eiag\u0173\u201c parduotuv\u0119 ir susitikime pokalbiui.<\/span>[\/vc_message][\/vc_column_inner][\/vc_row_inner][\/vc_tta_section][vc_tta_section title=&#8221;Kur\u0161\u0117nai&#8221; tab_id=&#8221;1681293077713-97abfa22-4f2c&#8221;][vc_row_inner][vc_column_inner][vc_message message_box_style=&#8221;3d&#8221; message_box_color=&#8221;alert-success&#8221; icon_fontawesome=&#8221;fa fa-handshake-o&#8221;]<\/p>\n<h3><span style=\"font-family: arial, helvetica, sans-serif;\">UAB &#8220;Jupojos statybin\u0117s med\u017eiagos&#8221; ie\u0161ko pardav\u0117jo (-jos)<\/span><\/h3>\n<h3><span style=\"font-family: arial, helvetica, sans-serif;\">Darbo pob\u016bdis<\/span><\/h3>\n<ul>\n<li><span style=\"font-family: arial, helvetica, sans-serif;\">Statybini\u0173 med\u017eiag\u0173 (\u0161iltinimo vatos, polistireno, \u012fv. plok\u0161\u010di\u0173, mi\u0161ini\u0173, metalo gamini\u0173 ir pan.) pardavimas;<\/span><\/li>\n<li><span style=\"font-family: arial, helvetica, sans-serif;\">Mandagus ir paslaugus pirk\u0117j\u0173 aptarnavimas ir konsultavimas;<\/span><\/li>\n<li><span style=\"font-family: arial, helvetica, sans-serif;\">Preki\u0173 prisi\u0117mimas ir tvarkymas;<\/span><\/li>\n<li><span style=\"font-family: arial, helvetica, sans-serif;\">Preki\u0173 pakrovimas ir i\u0161krovimas rankomis bei autokrautuvu.<\/span><\/li>\n<\/ul>\n<h3><span style=\"font-family: arial, helvetica, sans-serif;\">Reikalavimai:<\/span><\/h3>\n<ul>\n<li><span style=\"font-family: arial, helvetica, sans-serif;\">Vairuotojo pa\u017eym\u0117jimas B kategorijos;<\/span><\/li>\n<li><span style=\"font-family: arial, helvetica, sans-serif;\">Fizin\u0117 i\u0161tverm\u0117, atidumas, s\u0105\u017einingumas;<\/span><\/li>\n<li><span style=\"font-family: arial, helvetica, sans-serif;\">Pana\u0161aus darbo patirtis bei \u017einios apie statybines med\u017eiagas b\u016bt\u0173 privalumas.<\/span><\/li>\n<\/ul>\n<h3><span style=\"font-family: arial, helvetica, sans-serif;\">Mes si\u016blome:<\/span><\/h3>\n<ul>\n<li><span style=\"font-family: arial, helvetica, sans-serif;\">Darb\u0105 stabilioje ir socialiai atsakingoje kompanijoje;<\/span><\/li>\n<li><span style=\"font-family: arial, helvetica, sans-serif;\">Laiku mokam\u0105 konkurencing\u0105 atlyginim\u0105 bei priedus u\u017e s\u0117kmingus pardavim\u0173 rezultatus ir darbo vir\u0161valand\u017eius;<\/span><\/li>\n<li><span style=\"font-family: arial, helvetica, sans-serif;\">Lankst\u0173 darbo grafik\u0105, sudarom\u0105 ketvir\u010diais;<\/span><\/li>\n<li><span style=\"font-family: arial, helvetica, sans-serif;\">Darbo r\u016bbus ir priemones u\u017eimamoms pareigoms atlikti;<\/span><\/li>\n<\/ul>\n<p><span style=\"font-family: arial, helvetica, sans-serif;\"><strong>Gerov\u0117s paket\u0105:<\/strong> sisteminiai ir individual\u016bs mokymai, nuolaid\u0173 kortel\u0117s darbuotojams, dovanos \u0161ven\u010di\u0173 proga ir kt.;<\/span><br \/>\n<strong><span style=\"font-family: arial, helvetica, sans-serif;\">Visas s\u0105lygas profesionaliai tobul\u0117ti bei karjer\u0105 ambicingiems darbuotojams.<\/span><\/strong><\/p>\n<p><span style=\"font-family: arial, helvetica, sans-serif;\">Jei jums patinka dirbti su \u017emon\u0117mis ir norite prisijungti prie dinami\u0161kos ir perspektyvios komandos, tai mes laukiame tavo CV <a href=\"mailto:karjera@jupoja.lt\">karjera@jupoja.lt<\/a> arba u\u017esuk \u012f \u201eJupojos statybini\u0173 med\u017eiag\u0173\u201c parduotuv\u0119 ir susitikime pokalbiui.<\/span>[\/vc_message][\/vc_column_inner][\/vc_row_inner][\/vc_tta_section][vc_tta_section title=&#8221;Joni\u0161kis&#8221; tab_id=&#8221;1681293205803-71642bcc-3bfe&#8221;][vc_row_inner][vc_column_inner][vc_message message_box_style=&#8221;3d&#8221; message_box_color=&#8221;alert-success&#8221; icon_fontawesome=&#8221;fa fa-handshake-o&#8221;]<\/p>\n<h3><span style=\"font-family: arial, helvetica, sans-serif;\">UAB &#8220;Jupojos statybin\u0117s med\u017eiagos&#8221; ie\u0161ko pardav\u0117jo (-jos)<\/span><\/h3>\n<h3><span style=\"font-family: arial, helvetica, sans-serif;\">Darbo pob\u016bdis<\/span><\/h3>\n<ul>\n<li><span style=\"font-family: arial, helvetica, sans-serif;\">Statybini\u0173 med\u017eiag\u0173 (\u0161iltinimo vatos, polistireno, \u012fv. plok\u0161\u010di\u0173, mi\u0161ini\u0173, metalo gamini\u0173 ir pan.) pardavimas;<\/span><\/li>\n<li><span style=\"font-family: arial, helvetica, sans-serif;\">Mandagus ir paslaugus pirk\u0117j\u0173 aptarnavimas ir konsultavimas;<\/span><\/li>\n<li><span style=\"font-family: arial, helvetica, sans-serif;\">Preki\u0173 prisi\u0117mimas ir tvarkymas;<\/span><\/li>\n<li><span style=\"font-family: arial, helvetica, sans-serif;\">Preki\u0173 pakrovimas ir i\u0161krovimas rankomis bei autokrautuvu.<\/span><\/li>\n<\/ul>\n<h3><span style=\"font-family: arial, helvetica, sans-serif;\">Reikalavimai:<\/span><\/h3>\n<ul>\n<li><span style=\"font-family: arial, helvetica, sans-serif;\">Vairuotojo pa\u017eym\u0117jimas B kategorijos;<\/span><\/li>\n<li><span style=\"font-family: arial, helvetica, sans-serif;\">Fizin\u0117 i\u0161tverm\u0117, atidumas, s\u0105\u017einingumas;<\/span><\/li>\n<li><span style=\"font-family: arial, helvetica, sans-serif;\">Pana\u0161aus darbo patirtis bei \u017einios apie statybines med\u017eiagas b\u016bt\u0173 privalumas.<\/span><\/li>\n<\/ul>\n<h3><span style=\"font-family: arial, helvetica, sans-serif;\">Mes si\u016blome:<\/span><\/h3>\n<ul>\n<li><span style=\"font-family: arial, helvetica, sans-serif;\">Darb\u0105 stabilioje ir socialiai atsakingoje kompanijoje;<\/span><\/li>\n<li><span style=\"font-family: arial, helvetica, sans-serif;\">Laiku mokam\u0105 konkurencing\u0105 atlyginim\u0105 bei priedus u\u017e s\u0117kmingus pardavim\u0173 rezultatus ir darbo vir\u0161valand\u017eius;<\/span><\/li>\n<li><span style=\"font-family: arial, helvetica, sans-serif;\">Lankst\u0173 darbo grafik\u0105, sudarom\u0105 ketvir\u010diais;<\/span><\/li>\n<li><span style=\"font-family: arial, helvetica, sans-serif;\">Darbo r\u016bbus ir priemones u\u017eimamoms pareigoms atlikti;<\/span><\/li>\n<\/ul>\n<p><span style=\"font-family: arial, helvetica, sans-serif;\"><strong>Gerov\u0117s paket\u0105:<\/strong> sisteminiai ir individual\u016bs mokymai, nuolaid\u0173 kortel\u0117s darbuotojams, dovanos \u0161ven\u010di\u0173 proga ir kt.;<\/span><br \/>\n<strong><span style=\"font-family: arial, helvetica, sans-serif;\">Visas s\u0105lygas profesionaliai tobul\u0117ti bei karjer\u0105 ambicingiems darbuotojams.<\/span><\/strong><\/p>\n<p><span style=\"font-family: arial, helvetica, sans-serif;\">Jei jums patinka dirbti su \u017emon\u0117mis ir norite prisijungti prie dinami\u0161kos ir perspektyvios komandos, tai mes laukiame tavo CV <a href=\"mailto:karjera@jupoja.lt\">karjera@jupoja.lt<\/a> arba u\u017esuk \u012f \u201eJupojos statybini\u0173 med\u017eiag\u0173\u201c parduotuv\u0119 ir susitikime pokalbiui.<\/span>[\/vc_message][\/vc_column_inner][\/vc_row_inner][\/vc_tta_section][vc_tta_section title=&#8221;Pakruojis&#8221; tab_id=&#8221;1681293249560-5d019606-36ae&#8221;][vc_row_inner][vc_column_inner][vc_message message_box_style=&#8221;3d&#8221; message_box_color=&#8221;alert-success&#8221; icon_fontawesome=&#8221;fa fa-handshake-o&#8221;]<\/p>\n<h3><span style=\"font-family: arial, helvetica, sans-serif;\">UAB &#8220;Jupojos statybin\u0117s med\u017eiagos&#8221; ie\u0161ko pardav\u0117jo (-jos)<\/span><\/h3>\n<h3><span style=\"font-family: arial, helvetica, sans-serif;\">Darbo pob\u016bdis<\/span><\/h3>\n<ul>\n<li><span style=\"font-family: arial, helvetica, sans-serif;\">Statybini\u0173 med\u017eiag\u0173 (\u0161iltinimo vatos, polistireno, \u012fv. plok\u0161\u010di\u0173, mi\u0161ini\u0173, metalo gamini\u0173 ir pan.) pardavimas;<\/span><\/li>\n<li><span style=\"font-family: arial, helvetica, sans-serif;\">Mandagus ir paslaugus pirk\u0117j\u0173 aptarnavimas ir konsultavimas;<\/span><\/li>\n<li><span style=\"font-family: arial, helvetica, sans-serif;\">Preki\u0173 prisi\u0117mimas ir tvarkymas;<\/span><\/li>\n<li><span style=\"font-family: arial, helvetica, sans-serif;\">Preki\u0173 pakrovimas ir i\u0161krovimas rankomis bei autokrautuvu.<\/span><\/li>\n<\/ul>\n<h3><span style=\"font-family: arial, helvetica, sans-serif;\">Reikalavimai:<\/span><\/h3>\n<ul>\n<li><span style=\"font-family: arial, helvetica, sans-serif;\">Vairuotojo pa\u017eym\u0117jimas B kategorijos;<\/span><\/li>\n<li><span style=\"font-family: arial, helvetica, sans-serif;\">Fizin\u0117 i\u0161tverm\u0117, atidumas, s\u0105\u017einingumas;<\/span><\/li>\n<li><span style=\"font-family: arial, helvetica, sans-serif;\">Pana\u0161aus darbo patirtis bei \u017einios apie statybines med\u017eiagas b\u016bt\u0173 privalumas.<\/span><\/li>\n<\/ul>\n<h3><span style=\"font-family: arial, helvetica, sans-serif;\">Mes si\u016blome:<\/span><\/h3>\n<ul>\n<li><span style=\"font-family: arial, helvetica, sans-serif;\">Darb\u0105 stabilioje ir socialiai atsakingoje kompanijoje;<\/span><\/li>\n<li><span style=\"font-family: arial, helvetica, sans-serif;\">Laiku mokam\u0105 konkurencing\u0105 atlyginim\u0105 bei priedus u\u017e s\u0117kmingus pardavim\u0173 rezultatus ir darbo vir\u0161valand\u017eius;<\/span><\/li>\n<li><span style=\"font-family: arial, helvetica, sans-serif;\">Lankst\u0173 darbo grafik\u0105, sudarom\u0105 ketvir\u010diais;<\/span><\/li>\n<li><span style=\"font-family: arial, helvetica, sans-serif;\">Darbo r\u016bbus ir priemones u\u017eimamoms pareigoms atlikti;<\/span><\/li>\n<\/ul>\n<p><span style=\"font-family: arial, helvetica, sans-serif;\"><strong>Gerov\u0117s paket\u0105:<\/strong> sisteminiai ir individual\u016bs mokymai, nuolaid\u0173 kortel\u0117s darbuotojams, dovanos \u0161ven\u010di\u0173 proga ir kt.;<\/span><br \/>\n<span style=\"font-family: arial, helvetica, sans-serif;\"><strong>Visas s\u0105lygas profesionaliai tobul\u0117ti bei karjer\u0105 ambicingiems darbuotojams<\/strong>.<\/span><\/p>\n<p><span style=\"font-family: arial, helvetica, sans-serif;\">Jei jums patinka dirbti su \u017emon\u0117mis ir norite prisijungti prie dinami\u0161kos ir perspektyvios komandos, tai mes laukiame tavo CV <a href=\"mailto:karjera@jupoja.lt\">karjera@jupoja.lt<\/a> arba u\u017esuk \u012f \u201eJupojos statybini\u0173 med\u017eiag\u0173\u201c parduotuv\u0119 ir susitikime pokalbiui.<\/span>[\/vc_message][\/vc_column_inner][\/vc_row_inner][\/vc_tta_section][vc_tta_section title=&#8221;Kelm\u0117&#8221; tab_id=&#8221;1681293261315-b47b09e7-623a&#8221;][vc_row_inner][vc_column_inner][vc_message message_box_style=&#8221;3d&#8221; message_box_color=&#8221;alert-success&#8221; icon_fontawesome=&#8221;fa fa-handshake-o&#8221;]<\/p>\n<h3><span style=\"font-family: arial, helvetica, sans-serif;\">UAB &#8220;Jupojos statybin\u0117s med\u017eiagos&#8221; ie\u0161ko pardav\u0117jo (-jos)<\/span><\/h3>\n<h3><span style=\"font-family: arial, helvetica, sans-serif;\">Darbo pob\u016bdis<\/span><\/h3>\n<ul>\n<li><span style=\"font-family: arial, helvetica, sans-serif;\">Statybini\u0173 med\u017eiag\u0173 (\u0161iltinimo vatos, polistireno, \u012fv. plok\u0161\u010di\u0173, mi\u0161ini\u0173, metalo gamini\u0173 ir pan.) pardavimas;<\/span><\/li>\n<li><span style=\"font-family: arial, helvetica, sans-serif;\">Mandagus ir paslaugus pirk\u0117j\u0173 aptarnavimas ir konsultavimas;<\/span><\/li>\n<li><span style=\"font-family: arial, helvetica, sans-serif;\">Preki\u0173 prisi\u0117mimas ir tvarkymas;<\/span><\/li>\n<li><span style=\"font-family: arial, helvetica, sans-serif;\">Preki\u0173 pakrovimas ir i\u0161krovimas rankomis bei autokrautuvu.<\/span><\/li>\n<\/ul>\n<h3><span style=\"font-family: arial, helvetica, sans-serif;\">Reikalavimai:<\/span><\/h3>\n<ul>\n<li><span style=\"font-family: arial, helvetica, sans-serif;\">Vairuotojo pa\u017eym\u0117jimas B kategorijos;<\/span><\/li>\n<li><span style=\"font-family: arial, helvetica, sans-serif;\">Fizin\u0117 i\u0161tverm\u0117, atidumas, s\u0105\u017einingumas;<\/span><\/li>\n<li><span style=\"font-family: arial, helvetica, sans-serif;\">Pana\u0161aus darbo patirtis bei \u017einios apie statybines med\u017eiagas b\u016bt\u0173 privalumas.<\/span><\/li>\n<\/ul>\n<h3><span style=\"font-family: arial, helvetica, sans-serif;\">Mes si\u016blome:<\/span><\/h3>\n<ul>\n<li><span style=\"font-family: arial, helvetica, sans-serif;\">Darb\u0105 stabilioje ir socialiai atsakingoje kompanijoje;<\/span><\/li>\n<li><span style=\"font-family: arial, helvetica, sans-serif;\">Laiku mokam\u0105 konkurencing\u0105 atlyginim\u0105 bei priedus u\u017e s\u0117kmingus pardavim\u0173 rezultatus ir darbo vir\u0161valand\u017eius;<\/span><\/li>\n<li><span style=\"font-family: arial, helvetica, sans-serif;\">Lankst\u0173 darbo grafik\u0105, sudarom\u0105 ketvir\u010diais;<\/span><\/li>\n<li><span style=\"font-family: arial, helvetica, sans-serif;\">Darbo r\u016bbus ir priemones u\u017eimamoms pareigoms atlikti;<\/span><\/li>\n<\/ul>\n<p><span style=\"font-family: arial, helvetica, sans-serif;\"><strong>Gerov\u0117s paket\u0105:<\/strong> sisteminiai ir individual\u016bs mokymai, nuolaid\u0173 kortel\u0117s darbuotojams, dovanos \u0161ven\u010di\u0173 proga ir kt.;<\/span><br \/>\n<strong><span style=\"font-family: arial, helvetica, sans-serif;\">Visas s\u0105lygas profesionaliai tobul\u0117ti bei karjer\u0105 ambicingiems darbuotojams.<\/span><\/strong><\/p>\n<p><span style=\"font-family: arial, helvetica, sans-serif;\">Jei jums patinka dirbti su \u017emon\u0117mis ir norite prisijungti prie dinami\u0161kos ir perspektyvios komandos, tai mes laukiame tavo CV <a href=\"mailto:karjera@jupoja.lt\">karjera@jupoja.lt<\/a> arba u\u017esuk \u012f \u201eJupojos statybini\u0173 med\u017eiag\u0173\u201c parduotuv\u0119 ir susitikime pokalbiui.<\/span>[\/vc_message][\/vc_column_inner][\/vc_row_inner][\/vc_tta_section][vc_tta_section title=&#8221;Naujoji Akmen\u0117&#8221; tab_id=&#8221;1681293276322-e288f715-8dca&#8221;][vc_row_inner][vc_column_inner][vc_message message_box_style=&#8221;3d&#8221; message_box_color=&#8221;alert-success&#8221; icon_fontawesome=&#8221;fa fa-handshake-o&#8221;]<\/p>\n<h3><span style=\"font-family: arial, helvetica, sans-serif;\">UAB &#8220;Jupojos statybin\u0117s med\u017eiagos&#8221; ie\u0161ko pardav\u0117jo (-jos)<\/span><\/h3>\n<h3><span style=\"font-family: arial, helvetica, sans-serif;\">Darbo pob\u016bdis<\/span><\/h3>\n<ul>\n<li><span style=\"font-family: arial, helvetica, sans-serif;\">Statybini\u0173 med\u017eiag\u0173 (\u0161iltinimo vatos, polistireno, \u012fv. plok\u0161\u010di\u0173, mi\u0161ini\u0173, metalo gamini\u0173 ir pan.) pardavimas;<\/span><\/li>\n<li><span style=\"font-family: arial, helvetica, sans-serif;\">Mandagus ir paslaugus pirk\u0117j\u0173 aptarnavimas ir konsultavimas;<\/span><\/li>\n<li><span style=\"font-family: arial, helvetica, sans-serif;\">Preki\u0173 prisi\u0117mimas ir tvarkymas;<\/span><\/li>\n<li><span style=\"font-family: arial, helvetica, sans-serif;\">Preki\u0173 pakrovimas ir i\u0161krovimas rankomis bei autokrautuvu.<\/span><\/li>\n<\/ul>\n<h3><span style=\"font-family: arial, helvetica, sans-serif;\">Reikalavimai:<\/span><\/h3>\n<ul>\n<li><span style=\"font-family: arial, helvetica, sans-serif;\">Vairuotojo pa\u017eym\u0117jimas B kategorijos;<\/span><\/li>\n<li><span style=\"font-family: arial, helvetica, sans-serif;\">Fizin\u0117 i\u0161tverm\u0117, atidumas, s\u0105\u017einingumas;<\/span><\/li>\n<li><span style=\"font-family: arial, helvetica, sans-serif;\">Pana\u0161aus darbo patirtis bei \u017einios apie statybines med\u017eiagas b\u016bt\u0173 privalumas.<\/span><\/li>\n<\/ul>\n<h3><span style=\"font-family: arial, helvetica, sans-serif;\">Mes si\u016blome:<\/span><\/h3>\n<ul>\n<li><span style=\"font-family: arial, helvetica, sans-serif;\">Darb\u0105 stabilioje ir socialiai atsakingoje kompanijoje;<\/span><\/li>\n<li><span style=\"font-family: arial, helvetica, sans-serif;\">Laiku mokam\u0105 konkurencing\u0105 atlyginim\u0105 bei priedus u\u017e s\u0117kmingus pardavim\u0173 rezultatus ir darbo vir\u0161valand\u017eius;<\/span><\/li>\n<li><span style=\"font-family: arial, helvetica, sans-serif;\">Lankst\u0173 darbo grafik\u0105, sudarom\u0105 ketvir\u010diais;<\/span><\/li>\n<li><span style=\"font-family: arial, helvetica, sans-serif;\">Darbo r\u016bbus ir priemones u\u017eimamoms pareigoms atlikti;<\/span><\/li>\n<\/ul>\n<p><span style=\"font-family: arial, helvetica, sans-serif;\"><strong>Gerov\u0117s paket\u0105:<\/strong> sisteminiai ir individual\u016bs mokymai, nuolaid\u0173 kortel\u0117s darbuotojams, dovanos \u0161ven\u010di\u0173 proga ir kt.;<\/span><br \/>\n<strong><span style=\"font-family: arial, helvetica, sans-serif;\">Visas s\u0105lygas profesionaliai tobul\u0117ti bei karjer\u0105 ambicingiems darbuotojams.<\/span><\/strong><\/p>\n<p><span style=\"font-family: arial, helvetica, sans-serif;\">Jei jums patinka dirbti su \u017emon\u0117mis ir norite prisijungti prie dinami\u0161kos ir perspektyvios komandos, tai mes laukiame tavo CV <a href=\"mailto:karjera@jupoja.lt\">karjera@jupoja.lt<\/a> arba u\u017esuk \u012f \u201eJupojos statybini\u0173 med\u017eiag\u0173\u201c parduotuv\u0119 ir susitikime pokalbiui.<\/span>[\/vc_message][\/vc_column_inner][\/vc_row_inner][\/vc_tta_section][\/vc_tta_tour][\/vc_column][\/vc_row][vc_row][vc_column][vc_row_inner][vc_column_inner][vc_raw_html]JTVCRm9ybSUyMGlkJTNEJTIyMyUyMiU1RA==[\/vc_raw_html][vc_empty_space height=&#8221;50px&#8221;][\/vc_column_inner][\/vc_row_inner][\/vc_column][\/vc_row]<\/p>\n","protected":false},"excerpt":{"rendered":"<p>[vc_row][vc_column][vc_tta_tour shape=&#8221;square&#8221; active_section=&#8221;6&#8243; no_fill_content_area=&#8221;true&#8221;][vc_tta_section title=&#8221;\u0160iauliai&#8221; tab_id=&#8221;1681293077709-dd993f6b-5329&#8243;][vc_row_inner][vc_column_inner][vc_message message_box_style=&#8221;3d&#8221; message_box_color=&#8221;alert-success&#8221; icon_fontawesome=&#8221;fa fa-handshake-o&#8221;] UAB &#8220;Jupojos statybin\u0117s med\u017eiagos&#8221; ie\u0161ko pardav\u0117jo (-jos) Darbo pob\u016bdis Statybini\u0173 med\u017eiag\u0173 (\u0161iltinimo vatos, polistireno, \u012fv. plok\u0161\u010di\u0173, mi\u0161ini\u0173, metalo gamini\u0173 ir pan.) pardavimas; Mandagus ir paslaugus pirk\u0117j\u0173 aptarnavimas ir konsultavimas; Preki\u0173 prisi\u0117mimas ir tvarkymas; Preki\u0173 pakrovimas ir i\u0161krovimas rankomis bei autokrautuvu. Reikalavimai: Vairuotojo pa\u017eym\u0117jimas B kategorijos; [&hellip;]<\/p>\n","protected":false},"author":1,"featured_media":0,"parent":0,"menu_order":0,"comment_status":"closed","ping_status":"closed","template":"","meta":[],"translation":{"provider":"WPGlobus","version":"2.10.4","language":"ru","enabled_languages":["lt","ru","en"],"languages":{"lt":{"title":true,"content":true,"excerpt":false},"ru":{"title":false,"content":false,"excerpt":false},"en":{"title":false,"content":false,"excerpt":false}}},"_links":{"self":[{"href":"https:\/\/imone.jupoja.lt\/ru\/wp-json\/wp\/v2\/pages\/2133"}],"collection":[{"href":"https:\/\/imone.jupoja.lt\/ru\/wp-json\/wp\/v2\/pages"}],"about":[{"href":"https:\/\/imone.jupoja.lt\/ru\/wp-json\/wp\/v2\/types\/page"}],"author":[{"embeddable":true,"href":"https:\/\/imone.jupoja.lt\/ru\/wp-json\/wp\/v2\/users\/1"}],"replies":[{"embeddable":true,"href":"https:\/\/imone.jupoja.lt\/ru\/wp-json\/wp\/v2\/comments?post=2133"}],"version-history":[{"count":46,"href":"https:\/\/imone.jupoja.lt\/ru\/wp-json\/wp\/v2\/pages\/2133\/revisions"}],"predecessor-version":[{"id":14076,"href":"https:\/\/imone.jupoja.lt\/ru\/wp-json\/wp\/v2\/pages\/2133\/revisions\/14076"}],"wp:attachment":[{"href":"https:\/\/imone.jupoja.lt\/ru\/wp-json\/wp\/v2\/media?parent=2133"}],"curies":[{"name":"wp","href":"https:\/\/api.w.org\/{rel}","templated":true}]}}