{"id":2969,"date":"2017-12-27T20:31:09","date_gmt":"2017-12-27T17:31:09","guid":{"rendered":"http:\/\/jupoja.lt\/?page_id=2969"},"modified":"2019-10-18T10:25:22","modified_gmt":"2019-10-18T07:25:22","slug":"prekiu-pristatymas","status":"publish","type":"page","link":"https:\/\/imone.jupoja.lt\/ru\/prekiu-pristatymas\/","title":{"rendered":"Preki\u0173 pristatymas visoje Lietuvoje"},"content":{"rendered":"<p>[vc_row][vc_column][vc_custom_heading text=&#8221;Preki\u0173 pristatymas \u0160iauli\u0173 mieste ir jo ribose&#8221; font_container=&#8221;tag:h1|text_align:left|color:%23f4c300&#8243; use_theme_fonts=&#8221;yes&#8221;][vc_column_text]JUPOJOS STATYBIN\u0116S MED\u017dIAGOS parduotuv\u0117se pirktas prekes atve\u017eame pirk\u0117jams \u012f namus visoje Lietuvoje. \u017demiau pateiktos preki\u0173 pristatymo galimyb\u0117s. Pristatymo kainos priklauso nuo u\u017esakymo svorio, apim\u010di\u0173 ir pristatymo vietos. Kiekvienam klientui stengiam\u0117s pasi\u016blyti kuo tinkamesn\u012f preki\u0173 pristatymo variant\u0105.<\/p>\n<p><strong>\u0160iauli\u0173 mieste ir u\u017e jo rib\u0173 galime pasi\u016blyti ir dideli\u0173 gabarit\u0173 preki\u0173 pristatymo paslaug\u0105.<\/strong><\/p>\n<p><img loading=\"lazy\" class=\"size-full wp-image-2988 alignleft\" src=\"http:\/\/jupoja.lt\/wp-content\/uploads\/2017\/12\/pristatymo_paslauga_jupoja.jpg\" alt=\"\" width=\"650\" height=\"766\" srcset=\"https:\/\/imone.jupoja.lt\/wp-content\/uploads\/2017\/12\/pristatymo_paslauga_jupoja.jpg 650w, https:\/\/imone.jupoja.lt\/wp-content\/uploads\/2017\/12\/pristatymo_paslauga_jupoja-300x354.jpg 300w, https:\/\/imone.jupoja.lt\/wp-content\/uploads\/2017\/12\/pristatymo_paslauga_jupoja-255x300.jpg 255w\" sizes=\"(max-width: 650px) 100vw, 650px\" \/><\/p>\n<p>&nbsp;<\/p>\n<p>&nbsp;<\/p>\n<p>&nbsp;<\/p>\n<p>&nbsp;<\/p>\n<p>&nbsp;<\/p>\n<p>&nbsp;<\/p>\n<p>&nbsp;<\/p>\n<p>&nbsp;<\/p>\n<p>&nbsp;<\/p>\n<p>&nbsp;<\/p>\n<p>&nbsp;<\/p>\n<p>&nbsp;<\/p>\n<p>&nbsp;<\/p>\n<p>&nbsp;<\/p>\n<p>&nbsp;<\/p>\n<p>[\/vc_column_text][vc_empty_space height=&#8221;40px&#8221;][vc_custom_heading text=&#8221;Atsiimkite savo pirkinius JUPOJOS prekybos centruose.&#8221; font_container=&#8221;tag:h1|text_align:left|color:%23f4c300&#8243; use_theme_fonts=&#8221;yes&#8221;][vc_column_text]<strong>Prekes galite atsiimti tiesiai i\u0161 m\u016bs\u0173 parduotuvi\u0173 taip sutaupydami dar daugiau.<\/strong><\/p>\n<ul>\n<li>\u0160iauliai, Sodo g. 26<\/li>\n<li>Kelm\u0117, Raseini\u0173 g. 17<\/li>\n<li>Kur\u0161\u0117nai, Ventos g. 154b<\/li>\n<li>Joni\u0161kis, Turgaus g. 10<\/li>\n<li>Pakruojis, Vilniaus g. 18,<\/li>\n<li>Naujoji akmen\u0117, Kudirkos g. 26<\/li>\n<\/ul>\n<p>[\/vc_column_text][vc_empty_space height=&#8221;40px&#8221;][vc_custom_heading text=&#8221;Kurjeri\u0173 tarnyba pristatys prekes bet kokiu adresu Lietuvoje!&#8221; font_container=&#8221;tag:h1|text_align:left|color:%23f4c300&#8243; use_theme_fonts=&#8221;yes&#8221;][vc_column_text]Kurjeri\u0173 tarnyba prekes pristato Pirk\u0117jo u\u017esakymo informacijoje nurodytu adresu.<br \/>\nSiuntos klientams yra pristatomos darbo dienomis tarp 8 ir 18 val. Did\u017eiuosiuose miestuose galimi ir tikslesni pristatymo intervalai (8-14, 14-18, 18-22 val.). Pageidaujam\u0105 siuntos pristatymo laik\u0105 galite pa\u017eym\u0117ti u\u017esakydami prekes, ta\u010diau konkre\u010dios valandos, kada pristatyti u\u017esakym\u0105, kurjeriui nurodyti n\u0117ra galimyb\u0117s. Jei pageidaujate pasinaudoti preki\u0173 pristatymo per kurjer\u012f paslauga, teiraukit\u0117s apie tai pardavimo vietoje.[\/vc_column_text][vc_empty_space height=&#8221;40px&#8221;][vc_custom_heading text=&#8221;DPD Pickup &#8211; siunt\u0173 ta\u0161k\u0173 ir terminal\u0173 tinklas&#8221; font_container=&#8221;tag:h1|text_align:left|color:%23f4c300&#8243; use_theme_fonts=&#8221;yes&#8221;][vc_column_text]Pickup siunt\u0173 ta\u0161kai \u012frengti populiariose parduotuv\u0117se, salonuose ir kitose gyventoj\u0173 pam\u0117gtose vietose, o siunt\u0173 terminalai \u012fkurti \u0161alia prekybos centr\u0173 ir kit\u0173 gausiai lankom\u0173 viet\u0173.<\/p>\n<p><b>DPD Pickup \u2013 patogu ir paprasta atsiimti ir i\u0161si\u0173sti siuntas geografi\u0161kai patogiose vietose!<\/b><\/p>\n<p><iframe loading=\"lazy\" src=\"https:\/\/www.google.com\/maps\/d\/embed?mid=1FvkPipcULQ2ulsv7HuahLd6mhRM&amp;hl=lt\" width=\"640\" height=\"480\"><\/iframe>[\/vc_column_text][vc_empty_space height=&#8221;140px&#8221;][vc_row_inner][vc_column_inner css=&#8221;.vc_custom_1513621451339{margin-top: 50px !important;padding-top: 35px !important;}&#8221;][\/vc_column_inner][\/vc_row_inner][\/vc_column][\/vc_row][vc_row][vc_column][\/vc_column][\/vc_row]<\/p>\n","protected":false},"excerpt":{"rendered":"<p>[vc_row][vc_column][vc_custom_heading text=&#8221;Preki\u0173 pristatymas \u0160iauli\u0173 mieste ir jo ribose&#8221; font_container=&#8221;tag:h1|text_align:left|color:%23f4c300&#8243; use_theme_fonts=&#8221;yes&#8221;][vc_column_text]JUPOJOS STATYBIN\u0116S MED\u017dIAGOS parduotuv\u0117se pirktas prekes atve\u017eame pirk\u0117jams \u012f namus visoje Lietuvoje. \u017demiau pateiktos preki\u0173 pristatymo galimyb\u0117s. Pristatymo kainos priklauso nuo u\u017esakymo svorio, apim\u010di\u0173 ir pristatymo vietos. Kiekvienam klientui stengiam\u0117s pasi\u016blyti kuo tinkamesn\u012f preki\u0173 pristatymo variant\u0105. \u0160iauli\u0173 mieste ir u\u017e jo rib\u0173 galime pasi\u016blyti ir dideli\u0173 [&hellip;]<\/p>\n","protected":false},"author":1,"featured_media":0,"parent":0,"menu_order":0,"comment_status":"closed","ping_status":"closed","template":"","meta":[],"translation":{"provider":"WPGlobus","version":"2.10.4","language":"ru","enabled_languages":["lt","ru","en"],"languages":{"lt":{"title":true,"content":true,"excerpt":false},"ru":{"title":false,"content":false,"excerpt":false},"en":{"title":false,"content":false,"excerpt":false}}},"_links":{"self":[{"href":"https:\/\/imone.jupoja.lt\/ru\/wp-json\/wp\/v2\/pages\/2969"}],"collection":[{"href":"https:\/\/imone.jupoja.lt\/ru\/wp-json\/wp\/v2\/pages"}],"about":[{"href":"https:\/\/imone.jupoja.lt\/ru\/wp-json\/wp\/v2\/types\/page"}],"author":[{"embeddable":true,"href":"https:\/\/imone.jupoja.lt\/ru\/wp-json\/wp\/v2\/users\/1"}],"replies":[{"embeddable":true,"href":"https:\/\/imone.jupoja.lt\/ru\/wp-json\/wp\/v2\/comments?post=2969"}],"version-history":[{"count":44,"href":"https:\/\/imone.jupoja.lt\/ru\/wp-json\/wp\/v2\/pages\/2969\/revisions"}],"predecessor-version":[{"id":13541,"href":"https:\/\/imone.jupoja.lt\/ru\/wp-json\/wp\/v2\/pages\/2969\/revisions\/13541"}],"wp:attachment":[{"href":"https:\/\/imone.jupoja.lt\/ru\/wp-json\/wp\/v2\/media?parent=2969"}],"curies":[{"name":"wp","href":"https:\/\/api.w.org\/{rel}","templated":true}]}}